{"id":2337,"date":"2024-03-26T20:30:20","date_gmt":"2024-03-26T19:30:20","guid":{"rendered":"https:\/\/turid.se\/?page_id=2337"},"modified":"2024-03-27T11:25:22","modified_gmt":"2024-03-27T10:25:22","slug":"turid-fran-lofoten-bat-och-modell","status":"publish","type":"page","link":"https:\/\/turid.se\/en\/turid-fran-lofoten-bat-och-modell\/","title":{"rendered":"Turid from Lofoten - boat and model"},"content":{"rendered":"<p>The old converted fishing boat Turid that took Jakob on adventures in the 1960s, the 1:10 scale model that Jakob is currently building and other things to do with Norwegian fishing boats.<\/p>\n\n\n\n<div class=\"wp-block-buttons is-layout-flex wp-block-buttons-is-layout-flex\"><\/div>\n\n\n<style type='text\/css' media='all'>#rt-tpg-container-2403248584 .rt-holder .rt-woo-info .price{color:#0367bf;}body .rt-tpg-container .rt-tpg-isotope-buttons .selected,\n\t\t\t\t\t#rt-tpg-container-2403248584 .layout12 .rt-holder:hover .rt-detail,\n\t\t\t\t\t#rt-tpg-container-2403248584 .isotope8 .rt-holder:hover .rt-detail,\n\t\t\t\t\t#rt-tpg-container-2403248584 .carousel8 .rt-holder:hover .rt-detail,\n\t\t\t\t\t#rt-tpg-container-2403248584 .layout13 .rt-holder .overlay .post-info,\n\t\t\t\t\t#rt-tpg-container-2403248584 .isotope9 .rt-holder .overlay .post-info,\n\t\t\t\t\t#rt-tpg-container-2403248584.rt-tpg-container .layout4 .rt-holder .rt-detail,\n\t\t\t\t\t.rt-modal-2403248584 .md-content,\n\t\t\t\t\t.rt-modal-2403248584 .md-content > .rt-md-content-holder .rt-md-content,\n\t\t\t\t\t.rt-popup-wrap-2403248584.rt-popup-wrap .rt-popup-navigation-wrap,\n\t\t\t\t\t#rt-tpg-container-2403248584 .carousel9 .rt-holder .overlay .post-info{background-color:#0367bf;}#rt-tpg-container-2403248584 .layout5 .rt-holder .overlay, #rt-tpg-container-2403248584 .isotope2 .rt-holder .overlay, #rt-tpg-container-2403248584 .carousel2 .rt-holder .overlay,#rt-tpg-container-2403248584 .layout15 .rt-holder h3, #rt-tpg-container-2403248584 .isotope11 .rt-holder h3, #rt-tpg-container-2403248584 .carousel11 .rt-holder h3, #rt-tpg-container-2403248584 .layout16 .rt-holder h3,\n\t\t\t\t\t#rt-tpg-container-2403248584 .isotope12 .rt-holder h3, #rt-tpg-container-2403248584 .carousel12 .rt-holder h3 {background-color:rgba(3,103,191,0.8);}#rt-tpg-container-2403248584 .read-more a{border-radius:px;}#rt-tpg-container-2403248584 .rt-img-holder img.rt-img-responsive,#rt-tpg-container-2403248584 .rt-img-holder,\n\t\t\t\t\t#rt-tpg-container-2403248584 .rt-post-overlay .post-img,\n\t\t\t\t\t#rt-tpg-container-2403248584 .post-sm .post-img,\n\t\t\t\t\t#rt-tpg-container-2403248584 .rt-post-grid .post-img,\n\t\t\t\t\t#rt-tpg-container-2403248584 .post-img img {border-radius:px;}#rt-tpg-container-2403248584 .layout1 .rt-holder h2.entry-title,\n\t\t\t\t\t#rt-tpg-container-2403248584 .layout1 .rt-holder h3.entry-title,\n\t\t\t\t\t#rt-tpg-container-2403248584 .layout1 .rt-holder h4.entry-title,\n\t\t\t\t\t#rt-tpg-container-2403248584 .layout1 .rt-holder h2.entry-title a,\n\t\t\t\t\t#rt-tpg-container-2403248584 .layout1 .rt-holder h3.entry-title a,\n\t\t\t\t\t#rt-tpg-container-2403248584 .layout1 .rt-holder h4.entry-title a,\n\t\t\t\t\t#rt-tpg-container-2403248584 .rt-holder .rt-woo-info h2 a,\n\t\t\t\t\t#rt-tpg-container-2403248584 .rt-holder .rt-woo-info h3 a,\n\t\t\t\t\t#rt-tpg-container-2403248584 .rt-holder .rt-woo-info h4 a,\n\t\t\t\t\t#rt-tpg-container-2403248584 .post-content .post-title,\n\t\t\t\t\t#rt-tpg-container-2403248584 .rt-post-grid .post-title,\n\t\t\t\t\t#rt-tpg-container-2403248584 .rt-post-grid .post-title a,\n\t\t\t\t\t#rt-tpg-container-2403248584 .post-content .post-title a,\n\t\t\t\t\t#rt-tpg-container-2403248584 .rt-holder .rt-woo-info h2,\n\t\t\t\t\t#rt-tpg-container-2403248584 .rt-holder .rt-woo-info h3,\n\t\t\t\t\t#rt-tpg-container-2403248584 .rt-holder .rt-woo-info h4{color:#dd0202;font-size:22px;line-height:32px;font-weight:500;}#rt-tpg-container-2403248584 .post-grid-lg-style-1 .post-title,\n\t\t\t\t\t\t#rt-tpg-container-2403248584 .post-grid-lg-style-1 .post-title a,\n\t\t\t\t\t\t#rt-tpg-container-2403248584 .big-layout .post-title,\n\t\t\t\t\t\t#rt-tpg-container-2403248584 .big-layout .post-title a,\n\t\t\t\t\t\t#rt-tpg-container-2403248584 .post-grid-lg-style-1 .post-title,\n\t\t\t\t\t\t#rt-tpg-container-2403248584 .post-grid-lg-style-1 .post-title a {font-size:30px;line-height:40px;}#rt-tpg-container-2403248584 .layout1 .rt-holder .tpg-excerpt,#rt-tpg-container-2403248584 .layout1 .tpg-excerpt,#rt-tpg-container-2403248584 .layout1 .rt-holder .post-content,#rt-tpg-container-2403248584 .rt-holder .rt-woo-info p,#rt-tpg-container-2403248584 .post-content p {font-size:17px;font-weight:normal;}#rt-tpg-container-2403248584 .layout1 .rt-holder .post-meta-user,\n\t\t\t\t\t#rt-tpg-container-2403248584 .layout1 .rt-meta,\n\t\t\t\t\t#rt-tpg-container-2403248584 .layout1 .rt-meta a,\n\t\t\t\t\t#rt-tpg-container-2403248584 .layout1 .rt-holder .post-meta-user .meta-data,\n\t\t\t\t\t#rt-tpg-container-2403248584 .layout1 .rt-holder .post-meta-user a,\n\t\t\t\t\t#rt-tpg-container-2403248584 .layout1 .rt-holder .rt-detail .post-meta .rt-tpg-social-share,\n\t\t\t\t\t#rt-tpg-container-2403248584 .rt-post-overlay .post-meta-user span,\n\t\t\t\t\t#rt-tpg-container-2403248584 .rt-post-overlay .post-meta-user,\n\t\t\t\t\t#rt-tpg-container-2403248584 .rt-post-overlay .post-meta-user a,\n\t\t\t\t\t#rt-tpg-container-2403248584 .rt-post-grid .post-meta-user,\n\t\t\t\t\t#rt-tpg-container-2403248584 .rt-post-grid .post-meta-user a,\n\t\t\t\t\t#rt-tpg-container-2403248584 .rt-post-box-media-style .post-meta-user,\n\t\t\t\t\t#rt-tpg-container-2403248584 .rt-post-box-media-style .post-meta-user a,\n\t\t\t\t\t#rt-tpg-container-2403248584 .layout1 .post-meta-user i,\n\t\t\t\t\t#rt-tpg-container-2403248584 .rt-detail .post-meta-category a,\n\t\t\t\t\t#rt-tpg-container-2403248584 .layout1 .post-meta-user a\n\t\t\t\t\t#rt-tpg-container-2403248584 .layout1 .post-meta-user a {font-size:18px;font-weight:bold;}<\/style><div class='rt-container-fluid rt-tpg-container tpg-shortcode-main-wrapper' id='rt-tpg-container-2403248584'   data-layout='layout1' data-grid-style='even' data-desktop-col='3'  data-tab-col='2'  data-mobile-col='1' data-sc-id='2342'><div data-title='Loading ...' class='rt-row rt-content-loader   layout1 tpg-even'><div class=\"rt-col-md-4 rt-col-sm-6 rt-col-xs-12 even-grid-item rt-grid-item\" data-id=\"2373\"><div class=\"rt-holder\"><div class=\"rt-img-holder\"><a data-id=\"2373\" class=\"\" href=\"https:\/\/turid.se\/en\/2024\/04\/02\/kolstrackning\/\"><img loading=\"lazy\" decoding=\"async\" width=\"2500\" height=\"2061\" src=\"https:\/\/turid.se\/wp-content\/uploads\/2024\/04\/20240402_200214-1.jpg\" class=\"rt-img-responsive\" alt=\"\" style=\"width:100%;height:82.44%;max-width:2500px\" \/><\/a><\/div><div class='rt-detail'><h3 class=\"entry-title\"><a data-id=\"2373\" class=\"\" href=\"https:\/\/turid.se\/en\/2024\/04\/02\/kolstrackning\/\">Keel stretching<\/a><\/h3><div class='post-meta-user'><span class='date'><i class='far fa-calendar-alt'><\/i>April 2, 2024<\/span><\/div><div class='tpg-excerpt'>Keel stretching is usually a solemn moment, a ceremony when the shipyard invites the client to be...<\/div><\/div><\/div><\/div><div class=\"rt-col-md-4 rt-col-sm-6 rt-col-xs-12 even-grid-item rt-grid-item\" data-id=\"2293\"><div class=\"rt-holder\"><div class=\"rt-img-holder\"><a data-id=\"2293\" class=\"\" href=\"https:\/\/turid.se\/en\/2024\/03\/29\/bygga_sjark\/\"><img loading=\"lazy\" decoding=\"async\" width=\"2048\" height=\"1536\" src=\"https:\/\/turid.se\/wp-content\/uploads\/2024\/03\/10-Batbygge-Kare-Helge-Sund-Hemnesberget-1982.jpg\" class=\"rt-img-responsive\" alt=\"\" style=\"width:100%;height:75%;max-width:2048px\" \/><\/a><\/div><div class='rt-detail'><h3 class=\"entry-title\"><a data-id=\"2293\" class=\"\" href=\"https:\/\/turid.se\/en\/2024\/03\/29\/bygga_sjark\/\">This is how boats like the Turid were built<\/a><\/h3><div class='post-meta-user'><span class='date'><i class='far fa-calendar-alt'><\/i>29 March 2024<\/span><\/div><div class='tpg-excerpt'>Boat building by K\u00e5re Helge Sund at Hemnesberget in the winter of 1981 - 1982. A shark Torgrim is built...<\/div><\/div><\/div><\/div><div class=\"rt-col-md-4 rt-col-sm-6 rt-col-xs-12 even-grid-item rt-grid-item\" data-id=\"2302\"><div class=\"rt-holder\"><div class=\"rt-img-holder\"><a data-id=\"2302\" class=\"\" href=\"https:\/\/turid.se\/en\/2024\/03\/24\/modellbygge-turid-fran-lofoten-i-skala-110-del-1-skrovformen\/\"><img loading=\"lazy\" decoding=\"async\" width=\"2560\" height=\"1346\" src=\"https:\/\/turid.se\/wp-content\/uploads\/2024\/03\/vinterbild-med-spanten-synliga-panomontage-anteckningar-scaled.jpg\" class=\"rt-img-responsive\" alt=\"\" style=\"width:100%;height:52.58%;max-width:2560px\" \/><\/a><\/div><div class='rt-detail'><h3 class=\"entry-title\"><a data-id=\"2302\" class=\"\" href=\"https:\/\/turid.se\/en\/2024\/03\/24\/modellbygge-turid-fran-lofoten-i-skala-110-del-1-skrovformen\/\">Model building - Turid from Lofoten in scale 1:10. Part 1: the hull form<\/a><\/h3><div class='post-meta-user'><span class='date'><i class='far fa-calendar-alt'><\/i>24 March 2024<\/span><\/div><div class='tpg-excerpt'>The picture that unexpectedly appeared last Christmas of our old Turid as a fishing boat on R\u00f8st...<\/div><\/div><\/div><\/div><div class=\"rt-col-md-4 rt-col-sm-6 rt-col-xs-12 even-grid-item rt-grid-item\" data-id=\"2220\"><div class=\"rt-holder\"><div class=\"rt-img-holder\"><a data-id=\"2220\" class=\"\" href=\"https:\/\/turid.se\/en\/2024\/03\/23\/sjark\/\"><img loading=\"lazy\" decoding=\"async\" width=\"334\" height=\"342\" src=\"https:\/\/turid.se\/wp-content\/uploads\/2024\/03\/klipperbaug.png\" class=\"rt-img-responsive\" alt=\"\" style=\"width:100%;height:102.4%;max-width:334px\" \/><\/a><\/div><div class='rt-detail'><h3 class=\"entry-title\"><a data-id=\"2220\" class=\"\" href=\"https:\/\/turid.se\/en\/2024\/03\/23\/sjark\/\">Sk\u00f8yte, clipper bow and shark<\/a><\/h3><div class='post-meta-user'><span class='date'><i class='far fa-calendar-alt'><\/i>23 March 2024<\/span><\/div><div class='tpg-excerpt'>Jakob: Our old Turid from R\u00f8st in Lofoten was a skate, a clipper bow, or a...<\/div><\/div><\/div><\/div><div class=\"rt-col-md-4 rt-col-sm-6 rt-col-xs-12 even-grid-item rt-grid-item\" data-id=\"2187\"><div class=\"rt-holder\"><div class=\"rt-img-holder\"><a data-id=\"2187\" class=\"\" href=\"https:\/\/turid.se\/en\/2024\/01\/05\/turid-en-skoyte-fra-lofoten\/\"><img loading=\"lazy\" decoding=\"async\" width=\"1068\" height=\"940\" src=\"https:\/\/turid.se\/wp-content\/uploads\/2024\/01\/malebrev-Turid.png\" class=\"rt-img-responsive\" alt=\"\" style=\"width:100%;height:88.01%;max-width:1068px\" \/><\/a><\/div><div class='rt-detail'><h3 class=\"entry-title\"><a data-id=\"2187\" class=\"\" href=\"https:\/\/turid.se\/en\/2024\/01\/05\/turid-en-skoyte-fra-lofoten\/\">Turid \u2013 a skate from Lofoten<\/a><\/h3><div class='post-meta-user'><span class='date'><i class='far fa-calendar-alt'><\/i>5 January 2024<\/span><\/div><div class='tpg-excerpt'>Turid was bought at R\u00f8st in Lofoten in Northern Norway in 1965 and driven to Stockholm where we...<\/div><\/div><\/div><\/div><div class=\"rt-col-md-4 rt-col-sm-6 rt-col-xs-12 even-grid-item rt-grid-item\" data-id=\"2140\"><div class=\"rt-holder\"><div class=\"rt-img-holder\"><a data-id=\"2140\" class=\"\" href=\"https:\/\/turid.se\/en\/2023\/12\/22\/nar-turid-kom-till-familjen\/\"><img loading=\"lazy\" decoding=\"async\" width=\"1772\" height=\"1031\" src=\"https:\/\/turid.se\/wp-content\/uploads\/2023\/12\/66_Turid-i-Appelviken2.jpg\" class=\"rt-img-responsive\" alt=\"\" style=\"width:100%;height:58.18%;max-width:1772px\" \/><\/a><\/div><div class='rt-detail'><h3 class=\"entry-title\"><a data-id=\"2140\" class=\"\" href=\"https:\/\/turid.se\/en\/2023\/12\/22\/nar-turid-kom-till-familjen\/\">When Turid came to the family in 1966<\/a><\/h3><div class='post-meta-user'><span class='date'><i class='far fa-calendar-alt'><\/i>22 December 2023<\/span><\/div><div class='tpg-excerpt'>- told the tape recorder 1967-01-06 Turid from Lofoten was the boat we had when I...<\/div><\/div><\/div><\/div><div class=\"rt-col-md-4 rt-col-sm-6 rt-col-xs-12 even-grid-item rt-grid-item\" data-id=\"824\"><div class=\"rt-holder\"><div class=\"rt-img-holder\"><a data-id=\"824\" class=\"\" href=\"https:\/\/turid.se\/en\/2022\/07\/28\/kristinestad\/\"><img loading=\"lazy\" decoding=\"async\" width=\"2560\" height=\"1066\" src=\"https:\/\/turid.se\/wp-content\/uploads\/2022\/08\/2022-07-28-Kristinestad-scaled.jpg\" class=\"rt-img-responsive\" alt=\"\" style=\"width:100%;height:41.64%;max-width:2560px\" \/><\/a><\/div><div class='rt-detail'><h3 class=\"entry-title\"><a data-id=\"824\" class=\"\" href=\"https:\/\/turid.se\/en\/2022\/07\/28\/kristinestad\/\">Kristinestad<\/a><\/h3><div class='post-meta-user'><span class='date'><i class='far fa-calendar-alt'><\/i>28 July 2022<\/span><\/div><div class='tpg-excerpt'>Today we reached Kristinestad by motorbike. Half day in open lake and fresh northerly wind...<\/div><\/div><\/div><\/div><div class=\"rt-col-md-4 rt-col-sm-6 rt-col-xs-12 even-grid-item rt-grid-item\" data-id=\"669\"><div class=\"rt-holder\"><div class=\"rt-img-holder\"><a data-id=\"669\" class=\"\" href=\"https:\/\/turid.se\/en\/2022\/06\/30\/kasko-1972-50-ar-sedan\/\"><img loading=\"lazy\" decoding=\"async\" width=\"1464\" height=\"1200\" src=\"https:\/\/turid.se\/wp-content\/uploads\/2022\/06\/72_Osterbotten-med-Berit205.jpg\" class=\"rt-img-responsive\" alt=\"\" style=\"width:100%;height:81.97%;max-width:1464px\" \/><\/a><\/div><div class='rt-detail'><h3 class=\"entry-title\"><a data-id=\"669\" class=\"\" href=\"https:\/\/turid.se\/en\/2022\/06\/30\/kasko-1972-50-ar-sedan\/\">Kask\u00f6 1972 \u2013 50 years ago<\/a><\/h3><div class='post-meta-user'><span class='date'><i class='far fa-calendar-alt'><\/i>30 June 2022<\/span><\/div><div class='tpg-excerpt'>Jakob: So today we came with Turid II to Kask\u00f6 after a long journey from...<\/div><\/div><\/div><\/div><div class=\"rt-col-md-4 rt-col-sm-6 rt-col-xs-12 even-grid-item rt-grid-item\" data-id=\"205\"><div class=\"rt-holder\"><div class=\"rt-img-holder\"><a data-id=\"205\" class=\"\" href=\"https:\/\/turid.se\/en\/2022\/01\/29\/turid-hamtas-norge\/\"><img loading=\"lazy\" decoding=\"async\" width=\"1920\" height=\"1080\" src=\"https:\/\/turid.se\/wp-content\/uploads\/2022\/01\/Kronprins_Carl_Gustaf_Turid_foto_Hans_Blad-_16_9.jpg\" class=\"rt-img-responsive\" alt=\"\" style=\"width:100%;height:56.25%;max-width:1920px\" \/><\/a><\/div><div class='rt-detail'><h3 class=\"entry-title\"><a data-id=\"205\" class=\"\" href=\"https:\/\/turid.se\/en\/2022\/01\/29\/turid-hamtas-norge\/\">When the first Turid was picked up in Norway<\/a><\/h3><div class='post-meta-user'><span class='date'><i class='far fa-calendar-alt'><\/i>29 January 2022<\/span><\/div><div class='tpg-excerpt'>Jakob: Turid was the name of the Norwegian fishing boat we had when I was a child. She came from...<\/div><\/div><\/div><\/div><\/div><div class='rt-pagination-wrap' data-total-pages='2' data-posts-per-page='9' data-type='pagination'  ><div class=\"rt-pagination\" ><ul class=\"pagination-list\"><li class=\"active\"><span>1<\/span><\/li><li><a data-paged='2' href='https:\/\/turid.se\/en\/wp-json\/wp\/v2\/pages\/2337\/page\/2\/'>2<\/a><\/li><\/ul><\/div><\/div><\/div>","protected":false},"excerpt":{"rendered":"<p>The old converted fishing boat Turid that took Jakob on adventures in the 1960s, the 1:10 scale model that Jakob is currently building and other things to do with Norwegian fishing boats.<\/p>","protected":false},"author":3,"featured_media":2155,"parent":0,"menu_order":15,"comment_status":"closed","ping_status":"closed","template":"","meta":{"cybocfi_hide_featured_image":"yes","footnotes":""},"categories":[81],"tags":[76],"class_list":["post-2337","page","type-page","status-publish","has-post-thumbnail","hentry","category-turid","tag-bloggstart","entry"],"jetpack_sharing_enabled":true,"rttpg_featured_image_url":{"full":["https:\/\/turid.se\/wp-content\/uploads\/2023\/12\/66_Turid-i-Appelviken2.jpg",1772,1031,false],"landscape":["https:\/\/turid.se\/wp-content\/uploads\/2023\/12\/66_Turid-i-Appelviken2.jpg",1772,1031,false],"portraits":["https:\/\/turid.se\/wp-content\/uploads\/2023\/12\/66_Turid-i-Appelviken2.jpg",1772,1031,false],"thumbnail":["https:\/\/turid.se\/wp-content\/uploads\/2023\/12\/66_Turid-i-Appelviken2-150x150.jpg",150,150,true],"medium":["https:\/\/turid.se\/wp-content\/uploads\/2023\/12\/66_Turid-i-Appelviken2-300x175.jpg",300,175,true],"large":["https:\/\/turid.se\/wp-content\/uploads\/2023\/12\/66_Turid-i-Appelviken2-1024x596.jpg",1000,582,true],"1536x1536":["https:\/\/turid.se\/wp-content\/uploads\/2023\/12\/66_Turid-i-Appelviken2-1536x894.jpg",1536,894,true],"2048x2048":["https:\/\/turid.se\/wp-content\/uploads\/2023\/12\/66_Turid-i-Appelviken2.jpg",1772,1031,false],"trp-custom-language-flag":["https:\/\/turid.se\/wp-content\/uploads\/2023\/12\/66_Turid-i-Appelviken2-18x10.jpg",18,10,true],"post-thumbnail":["https:\/\/turid.se\/wp-content\/uploads\/2023\/12\/66_Turid-i-Appelviken2-1568x912.jpg",1568,912,true]},"rttpg_author":{"display_name":"Jakob Norstedt","author_link":"https:\/\/turid.se\/en\/author\/jakob\/"},"rttpg_comment":0,"rttpg_category":"<a href=\"https:\/\/turid.se\/en\/kat\/bat\/turid\/\" rel=\"category tag\">Turid<\/a>","rttpg_excerpt":"Den gamla ombyggda fiskeb\u00e5ten Turid som p\u00e5 1960-talet f\u00f6rde Jakob ut p\u00e5 \u00e4ventyr, den modell i skala 1:10 som Jakob just nu bygger och annat som har med norska fiskb\u00e5tar att g\u00f6ra.","_links":{"self":[{"href":"https:\/\/turid.se\/en\/wp-json\/wp\/v2\/pages\/2337","targetHints":{"allow":["GET"]}}],"collection":[{"href":"https:\/\/turid.se\/en\/wp-json\/wp\/v2\/pages"}],"about":[{"href":"https:\/\/turid.se\/en\/wp-json\/wp\/v2\/types\/page"}],"author":[{"embeddable":true,"href":"https:\/\/turid.se\/en\/wp-json\/wp\/v2\/users\/3"}],"replies":[{"embeddable":true,"href":"https:\/\/turid.se\/en\/wp-json\/wp\/v2\/comments?post=2337"}],"version-history":[{"count":8,"href":"https:\/\/turid.se\/en\/wp-json\/wp\/v2\/pages\/2337\/revisions"}],"predecessor-version":[{"id":2353,"href":"https:\/\/turid.se\/en\/wp-json\/wp\/v2\/pages\/2337\/revisions\/2353"}],"wp:featuredmedia":[{"embeddable":true,"href":"https:\/\/turid.se\/en\/wp-json\/wp\/v2\/media\/2155"}],"wp:attachment":[{"href":"https:\/\/turid.se\/en\/wp-json\/wp\/v2\/media?parent=2337"}],"wp:term":[{"taxonomy":"category","embeddable":true,"href":"https:\/\/turid.se\/en\/wp-json\/wp\/v2\/categories?post=2337"},{"taxonomy":"post_tag","embeddable":true,"href":"https:\/\/turid.se\/en\/wp-json\/wp\/v2\/tags?post=2337"}],"curies":[{"name":"wp","href":"https:\/\/api.w.org\/{rel}","templated":true}]}}