{"id":1418,"date":"2023-07-14T08:32:26","date_gmt":"2023-07-14T06:32:26","guid":{"rendered":"https:\/\/turid.se\/?page_id=1418"},"modified":"2023-10-28T08:28:27","modified_gmt":"2023-10-28T06:28:27","slug":"reportage","status":"publish","type":"page","link":"https:\/\/turid.se\/sv\/reportage\/","title":{"rendered":"Reportage &#8211; lite av varje"},"content":{"rendered":"<style type='text\/css' media='all'>#rt-tpg-container-1698135038 .rt-holder .rt-woo-info .price{color:#0367bf;}body .rt-tpg-container .rt-tpg-isotope-buttons .selected,\n\t\t\t\t\t#rt-tpg-container-1698135038 .layout12 .rt-holder:hover .rt-detail,\n\t\t\t\t\t#rt-tpg-container-1698135038 .isotope8 .rt-holder:hover .rt-detail,\n\t\t\t\t\t#rt-tpg-container-1698135038 .carousel8 .rt-holder:hover .rt-detail,\n\t\t\t\t\t#rt-tpg-container-1698135038 .layout13 .rt-holder .overlay .post-info,\n\t\t\t\t\t#rt-tpg-container-1698135038 .isotope9 .rt-holder .overlay .post-info,\n\t\t\t\t\t#rt-tpg-container-1698135038.rt-tpg-container .layout4 .rt-holder .rt-detail,\n\t\t\t\t\t.rt-modal-1698135038 .md-content,\n\t\t\t\t\t.rt-modal-1698135038 .md-content > .rt-md-content-holder .rt-md-content,\n\t\t\t\t\t.rt-popup-wrap-1698135038.rt-popup-wrap .rt-popup-navigation-wrap,\n\t\t\t\t\t#rt-tpg-container-1698135038 .carousel9 .rt-holder .overlay .post-info{background-color:#0367bf;}#rt-tpg-container-1698135038 .layout5 .rt-holder .overlay, #rt-tpg-container-1698135038 .isotope2 .rt-holder .overlay, #rt-tpg-container-1698135038 .carousel2 .rt-holder .overlay,#rt-tpg-container-1698135038 .layout15 .rt-holder h3, #rt-tpg-container-1698135038 .isotope11 .rt-holder h3, #rt-tpg-container-1698135038 .carousel11 .rt-holder h3, #rt-tpg-container-1698135038 .layout16 .rt-holder h3,\n\t\t\t\t\t#rt-tpg-container-1698135038 .isotope12 .rt-holder h3, #rt-tpg-container-1698135038 .carousel12 .rt-holder h3 {background-color:rgba(3,103,191,0.8);}#rt-tpg-container-1698135038 .read-more a{border-radius:px;}#rt-tpg-container-1698135038 .rt-img-holder img.rt-img-responsive,#rt-tpg-container-1698135038 .rt-img-holder,\n\t\t\t\t\t#rt-tpg-container-1698135038 .rt-post-overlay .post-img,\n\t\t\t\t\t#rt-tpg-container-1698135038 .post-sm .post-img,\n\t\t\t\t\t#rt-tpg-container-1698135038 .rt-post-grid .post-img,\n\t\t\t\t\t#rt-tpg-container-1698135038 .post-img img {border-radius:px;}#rt-tpg-container-1698135038 .layout1 .rt-holder h2.entry-title,\n\t\t\t\t\t#rt-tpg-container-1698135038 .layout1 .rt-holder h3.entry-title,\n\t\t\t\t\t#rt-tpg-container-1698135038 .layout1 .rt-holder h4.entry-title,\n\t\t\t\t\t#rt-tpg-container-1698135038 .layout1 .rt-holder h2.entry-title a,\n\t\t\t\t\t#rt-tpg-container-1698135038 .layout1 .rt-holder h3.entry-title a,\n\t\t\t\t\t#rt-tpg-container-1698135038 .layout1 .rt-holder h4.entry-title a,\n\t\t\t\t\t#rt-tpg-container-1698135038 .rt-holder .rt-woo-info h2 a,\n\t\t\t\t\t#rt-tpg-container-1698135038 .rt-holder .rt-woo-info h3 a,\n\t\t\t\t\t#rt-tpg-container-1698135038 .rt-holder .rt-woo-info h4 a,\n\t\t\t\t\t#rt-tpg-container-1698135038 .post-content .post-title,\n\t\t\t\t\t#rt-tpg-container-1698135038 .rt-post-grid .post-title,\n\t\t\t\t\t#rt-tpg-container-1698135038 .rt-post-grid .post-title a,\n\t\t\t\t\t#rt-tpg-container-1698135038 .post-content .post-title a,\n\t\t\t\t\t#rt-tpg-container-1698135038 .rt-holder .rt-woo-info h2,\n\t\t\t\t\t#rt-tpg-container-1698135038 .rt-holder .rt-woo-info h3,\n\t\t\t\t\t#rt-tpg-container-1698135038 .rt-holder .rt-woo-info h4{color:#dd0202;font-size:22px;line-height:32px;font-weight:500;}#rt-tpg-container-1698135038 .post-grid-lg-style-1 .post-title,\n\t\t\t\t\t\t#rt-tpg-container-1698135038 .post-grid-lg-style-1 .post-title a,\n\t\t\t\t\t\t#rt-tpg-container-1698135038 .big-layout .post-title,\n\t\t\t\t\t\t#rt-tpg-container-1698135038 .big-layout .post-title a,\n\t\t\t\t\t\t#rt-tpg-container-1698135038 .post-grid-lg-style-1 .post-title,\n\t\t\t\t\t\t#rt-tpg-container-1698135038 .post-grid-lg-style-1 .post-title a {font-size:30px;line-height:40px;}#rt-tpg-container-1698135038 .layout1 .rt-holder .post-meta-user,\n\t\t\t\t\t#rt-tpg-container-1698135038 .layout1 .rt-meta,\n\t\t\t\t\t#rt-tpg-container-1698135038 .layout1 .rt-meta a,\n\t\t\t\t\t#rt-tpg-container-1698135038 .layout1 .rt-holder .post-meta-user .meta-data,\n\t\t\t\t\t#rt-tpg-container-1698135038 .layout1 .rt-holder .post-meta-user a,\n\t\t\t\t\t#rt-tpg-container-1698135038 .layout1 .rt-holder .rt-detail .post-meta .rt-tpg-social-share,\n\t\t\t\t\t#rt-tpg-container-1698135038 .rt-post-overlay .post-meta-user span,\n\t\t\t\t\t#rt-tpg-container-1698135038 .rt-post-overlay .post-meta-user,\n\t\t\t\t\t#rt-tpg-container-1698135038 .rt-post-overlay .post-meta-user a,\n\t\t\t\t\t#rt-tpg-container-1698135038 .rt-post-grid .post-meta-user,\n\t\t\t\t\t#rt-tpg-container-1698135038 .rt-post-grid .post-meta-user a,\n\t\t\t\t\t#rt-tpg-container-1698135038 .rt-post-box-media-style .post-meta-user,\n\t\t\t\t\t#rt-tpg-container-1698135038 .rt-post-box-media-style .post-meta-user a,\n\t\t\t\t\t#rt-tpg-container-1698135038 .layout1 .post-meta-user i,\n\t\t\t\t\t#rt-tpg-container-1698135038 .rt-detail .post-meta-category a,\n\t\t\t\t\t#rt-tpg-container-1698135038 .layout1 .post-meta-user a\n\t\t\t\t\t#rt-tpg-container-1698135038 .layout1 .post-meta-user a {font-size:18px;font-weight:bold;}<\/style><div class='rt-container-fluid rt-tpg-container tpg-shortcode-main-wrapper ' id='rt-tpg-container-1698135038'   data-layout='layout1' data-grid-style='even' data-desktop-col='2'  data-tab-col='2'  data-mobile-col='1' data-sc-id='1881'><div data-title='Laddar in \u2026' class='rt-row rt-content-loader   layout1 tpg-even '><div class=\"rt-col-md-6 rt-col-sm-6 rt-col-xs-12 even-grid-item rt-grid-item\" data-id=\"1937\"><div class=\"rt-holder\"><div class=\"rt-img-holder\"><a data-id=\"1937\" class=\"\" href=\"https:\/\/turid.se\/sv\/1983\/01\/08\/mpongwe-mission-i-zambia\/\"><img loading=\"lazy\" decoding=\"async\" width=\"1425\" height=\"566\" src=\"https:\/\/turid.se\/wp-content\/uploads\/1983\/01\/Mpongwe2-1983_Berit-2.jpg\" class=\"rt-img-responsive \" alt=\"\" style=\"width:100%;height:39.72%;max-width:1425px\" \/><\/a><\/div><div class='rt-detail'><h3 class=\"entry-title\"><a data-id=\"1937\" class=\"\" href=\"https:\/\/turid.se\/sv\/1983\/01\/08\/mpongwe-mission-i-zambia\/\">Mpongwe &#8211; Mission i Zambia<\/a><\/h3><div class='post-meta-user  '><span class='author'><i class='fa fa-user '><\/i><a href=\"https:\/\/turid.se\/sv\/author\/berit\/\">Berit Norstedt<\/a><\/span><span class='date'><i class='far fa-calendar-alt '><\/i>8 januari 1983<\/span><span class='post-tags-links'><i class='fa fa-tags '><\/i><a href=\"https:\/\/turid.se\/sv\/tag\/zambia\/\" rel=\"tag\">Zambia<\/a><\/span><\/div><\/div><\/div><\/div><div class=\"rt-col-md-6 rt-col-sm-6 rt-col-xs-12 even-grid-item rt-grid-item\" data-id=\"1904\"><div class=\"rt-holder\"><div class=\"rt-img-holder\"><a data-id=\"1904\" class=\"\" href=\"https:\/\/turid.se\/sv\/1963\/07\/30\/hogbondens-fyr-elektrifieras\/\"><img loading=\"lazy\" decoding=\"async\" width=\"2000\" height=\"1175\" src=\"https:\/\/turid.se\/wp-content\/uploads\/2023\/07\/Hogbonden63_1502_Staffan_Norstedt.jpg\" class=\"rt-img-responsive \" alt=\"\" style=\"width:100%;height:58.75%;max-width:2000px\" \/><\/a><\/div><div class='rt-detail'><h3 class=\"entry-title\"><a data-id=\"1904\" class=\"\" href=\"https:\/\/turid.se\/sv\/1963\/07\/30\/hogbondens-fyr-elektrifieras\/\">H\u00f6gbondens fyr elektrifieras<\/a><\/h3><div class='post-meta-user  '><span class='author'><i class='fa fa-user '><\/i><a href=\"https:\/\/turid.se\/sv\/author\/bsn\/\">Berit och Staffan Norstedt<\/a><\/span><span class='date'><i class='far fa-calendar-alt '><\/i>30 juli 1963<\/span><span class='post-tags-links'><i class='fa fa-tags '><\/i><a href=\"https:\/\/turid.se\/sv\/tag\/kusthav\/\" rel=\"tag\">Kust och hav<\/a><\/span><\/div><\/div><\/div><\/div><div class=\"rt-col-md-6 rt-col-sm-6 rt-col-xs-12 even-grid-item rt-grid-item\" data-id=\"1900\"><div class=\"rt-holder\"><div class=\"rt-img-holder\"><a data-id=\"1900\" class=\"\" href=\"https:\/\/turid.se\/sv\/1966\/01\/01\/graklubben-gamla-fyren-vid-skagsudde\/\"><img loading=\"lazy\" decoding=\"async\" width=\"2000\" height=\"868\" src=\"https:\/\/turid.se\/wp-content\/uploads\/1966\/01\/Graklubben_Vy-fran-land2.jpg\" class=\"rt-img-responsive \" alt=\"\" style=\"width:100%;height:43.4%;max-width:2000px\" \/><\/a><\/div><div class='rt-detail'><h3 class=\"entry-title\"><a data-id=\"1900\" class=\"\" href=\"https:\/\/turid.se\/sv\/1966\/01\/01\/graklubben-gamla-fyren-vid-skagsudde\/\">Gr\u00e5klubben &#8211; gamla fyren vid Skagsudde<\/a><\/h3><div class='post-meta-user  '><span class='author'><i class='fa fa-user '><\/i><a href=\"https:\/\/turid.se\/sv\/author\/bsn\/\">Berit och Staffan Norstedt<\/a><\/span><span class='date'><i class='far fa-calendar-alt '><\/i>1 januari 1966<\/span><span class='post-tags-links'><i class='fa fa-tags '><\/i><a href=\"https:\/\/turid.se\/sv\/tag\/kusthav\/\" rel=\"tag\">Kust och hav<\/a><\/span><\/div><\/div><\/div><\/div><div class=\"rt-col-md-6 rt-col-sm-6 rt-col-xs-12 even-grid-item rt-grid-item\" data-id=\"2070\"><div class=\"rt-holder\"><div class=\"rt-img-holder\"><a data-id=\"2070\" class=\"\" href=\"https:\/\/turid.se\/sv\/1973\/09\/28\/chikankata-missionsstation-drivs-av-fralsningsarmen\/\"><img loading=\"lazy\" decoding=\"async\" width=\"1500\" height=\"1335\" src=\"https:\/\/turid.se\/wp-content\/uploads\/1973\/09\/Chikankata_6_Erlandsson.jpg\" class=\"rt-img-responsive \" alt=\"\" style=\"width:100%;height:89%;max-width:1500px\" \/><\/a><\/div><div class='rt-detail'><h3 class=\"entry-title\"><a data-id=\"2070\" class=\"\" href=\"https:\/\/turid.se\/sv\/1973\/09\/28\/chikankata-missionsstation-drivs-av-fralsningsarmen\/\">Chikankata missionsstation &#8211; drivs av Fr\u00e4lsningsarm\u00e9n<\/a><\/h3><div class='post-meta-user  '><span class='author'><i class='fa fa-user '><\/i><a href=\"https:\/\/turid.se\/sv\/author\/bsn\/\">Berit och Staffan Norstedt<\/a><\/span><span class='date'><i class='far fa-calendar-alt '><\/i>28 september 1973<\/span><span class='post-tags-links'><i class='fa fa-tags '><\/i><a href=\"https:\/\/turid.se\/sv\/tag\/zambia\/\" rel=\"tag\">Zambia<\/a><\/span><\/div><\/div><\/div><\/div><\/div><\/div>\n\n\n\n<p>Vi \u00e4r en skrivande familj. En samling reportage med \u00e4ventyr fr\u00e5n 1950-talet och fram\u00e5t.<\/p>\n","protected":false},"excerpt":{"rendered":"<p>Vi \u00e4r en skrivande familj. En samling reportage med \u00e4ventyr fr\u00e5n 1950-talet och fram\u00e5t.<\/p>\n","protected":false},"author":3,"featured_media":1391,"parent":0,"menu_order":20,"comment_status":"closed","ping_status":"closed","template":"","meta":{"cybocfi_hide_featured_image":"yes","footnotes":""},"categories":[72],"tags":[76],"class_list":["post-1418","page","type-page","status-publish","has-post-thumbnail","hentry","category-rep","tag-bloggstart","entry"],"jetpack_sharing_enabled":true,"rttpg_featured_image_url":{"full":["https:\/\/turid.se\/wp-content\/uploads\/2023\/07\/Hogbonden63_1502_Staffan_Norstedt.jpg",2000,1175,false],"landscape":["https:\/\/turid.se\/wp-content\/uploads\/2023\/07\/Hogbonden63_1502_Staffan_Norstedt.jpg",2000,1175,false],"portraits":["https:\/\/turid.se\/wp-content\/uploads\/2023\/07\/Hogbonden63_1502_Staffan_Norstedt.jpg",2000,1175,false],"thumbnail":["https:\/\/turid.se\/wp-content\/uploads\/2023\/07\/Hogbonden63_1502_Staffan_Norstedt-150x150.jpg",150,150,true],"medium":["https:\/\/turid.se\/wp-content\/uploads\/2023\/07\/Hogbonden63_1502_Staffan_Norstedt-300x176.jpg",300,176,true],"large":["https:\/\/turid.se\/wp-content\/uploads\/2023\/07\/Hogbonden63_1502_Staffan_Norstedt-1024x602.jpg",1000,588,true],"1536x1536":["https:\/\/turid.se\/wp-content\/uploads\/2023\/07\/Hogbonden63_1502_Staffan_Norstedt-1536x902.jpg",1536,902,true],"2048x2048":["https:\/\/turid.se\/wp-content\/uploads\/2023\/07\/Hogbonden63_1502_Staffan_Norstedt.jpg",2000,1175,false],"trp-custom-language-flag":["https:\/\/turid.se\/wp-content\/uploads\/2023\/07\/Hogbonden63_1502_Staffan_Norstedt-18x12.jpg",18,12,true],"post-thumbnail":["https:\/\/turid.se\/wp-content\/uploads\/2023\/07\/Hogbonden63_1502_Staffan_Norstedt-1568x921.jpg",1568,921,true]},"rttpg_author":{"display_name":"Jakob Norstedt","author_link":"https:\/\/turid.se\/sv\/author\/jakob\/"},"rttpg_comment":0,"rttpg_category":"<a href=\"https:\/\/turid.se\/sv\/kat\/rep\/\" rel=\"category tag\">Reportage<\/a>","rttpg_excerpt":"Vi \u00e4r en skrivande familj. En samling reportage med \u00e4ventyr fr\u00e5n 1950-talet och fram\u00e5t.","_links":{"self":[{"href":"https:\/\/turid.se\/sv\/wp-json\/wp\/v2\/pages\/1418","targetHints":{"allow":["GET"]}}],"collection":[{"href":"https:\/\/turid.se\/sv\/wp-json\/wp\/v2\/pages"}],"about":[{"href":"https:\/\/turid.se\/sv\/wp-json\/wp\/v2\/types\/page"}],"author":[{"embeddable":true,"href":"https:\/\/turid.se\/sv\/wp-json\/wp\/v2\/users\/3"}],"replies":[{"embeddable":true,"href":"https:\/\/turid.se\/sv\/wp-json\/wp\/v2\/comments?post=1418"}],"version-history":[{"count":15,"href":"https:\/\/turid.se\/sv\/wp-json\/wp\/v2\/pages\/1418\/revisions"}],"predecessor-version":[{"id":2060,"href":"https:\/\/turid.se\/sv\/wp-json\/wp\/v2\/pages\/1418\/revisions\/2060"}],"wp:featuredmedia":[{"embeddable":true,"href":"https:\/\/turid.se\/sv\/wp-json\/wp\/v2\/media\/1391"}],"wp:attachment":[{"href":"https:\/\/turid.se\/sv\/wp-json\/wp\/v2\/media?parent=1418"}],"wp:term":[{"taxonomy":"category","embeddable":true,"href":"https:\/\/turid.se\/sv\/wp-json\/wp\/v2\/categories?post=1418"},{"taxonomy":"post_tag","embeddable":true,"href":"https:\/\/turid.se\/sv\/wp-json\/wp\/v2\/tags?post=1418"}],"curies":[{"name":"wp","href":"https:\/\/api.w.org\/{rel}","templated":true}]}}