{"id":1575,"date":"2023-10-15T21:48:00","date_gmt":"2023-10-15T19:48:00","guid":{"rendered":"https:\/\/turid.se\/?page_id=1575"},"modified":"2024-07-16T19:48:42","modified_gmt":"2024-07-16T17:48:42","slug":"bat","status":"publish","type":"page","link":"https:\/\/turid.se\/sv\/bat\/","title":{"rendered":"Turidbloggen &#8211; b\u00e5tliv"},"content":{"rendered":"\n<p>S\/Y Turid II &#8211; v\u00e5r Hallberg Rassy Monsun 31 #557 f\u00f6r oss ut p\u00e5 \u00e4ventyr runt v\u00e5ra kuster.<\/p>\n\n\n\n<div class=\"wp-block-buttons is-layout-flex wp-block-buttons-is-layout-flex\"><\/div>\n\n\n\n<div class=\"wp-block-buttons is-layout-flex wp-block-buttons-is-layout-flex\"><\/div>\n\n\n<style type='text\/css' media='all'>#rt-tpg-container-1306215421 .rt-holder .rt-woo-info .price{color:#0367bf;}body .rt-tpg-container .rt-tpg-isotope-buttons .selected,\n\t\t\t\t\t#rt-tpg-container-1306215421 .layout12 .rt-holder:hover .rt-detail,\n\t\t\t\t\t#rt-tpg-container-1306215421 .isotope8 .rt-holder:hover .rt-detail,\n\t\t\t\t\t#rt-tpg-container-1306215421 .carousel8 .rt-holder:hover .rt-detail,\n\t\t\t\t\t#rt-tpg-container-1306215421 .layout13 .rt-holder .overlay .post-info,\n\t\t\t\t\t#rt-tpg-container-1306215421 .isotope9 .rt-holder .overlay .post-info,\n\t\t\t\t\t#rt-tpg-container-1306215421.rt-tpg-container .layout4 .rt-holder .rt-detail,\n\t\t\t\t\t.rt-modal-1306215421 .md-content,\n\t\t\t\t\t.rt-modal-1306215421 .md-content > .rt-md-content-holder .rt-md-content,\n\t\t\t\t\t.rt-popup-wrap-1306215421.rt-popup-wrap .rt-popup-navigation-wrap,\n\t\t\t\t\t#rt-tpg-container-1306215421 .carousel9 .rt-holder .overlay .post-info{background-color:#0367bf;}#rt-tpg-container-1306215421 .layout5 .rt-holder .overlay, #rt-tpg-container-1306215421 .isotope2 .rt-holder .overlay, #rt-tpg-container-1306215421 .carousel2 .rt-holder .overlay,#rt-tpg-container-1306215421 .layout15 .rt-holder h3, #rt-tpg-container-1306215421 .isotope11 .rt-holder h3, #rt-tpg-container-1306215421 .carousel11 .rt-holder h3, #rt-tpg-container-1306215421 .layout16 .rt-holder h3,\n\t\t\t\t\t#rt-tpg-container-1306215421 .isotope12 .rt-holder h3, #rt-tpg-container-1306215421 .carousel12 .rt-holder h3 {background-color:rgba(3,103,191,0.8);}#rt-tpg-container-1306215421 .read-more a{border-radius:px;}#rt-tpg-container-1306215421 .rt-img-holder img.rt-img-responsive,#rt-tpg-container-1306215421 .rt-img-holder,\n\t\t\t\t\t#rt-tpg-container-1306215421 .rt-post-overlay .post-img,\n\t\t\t\t\t#rt-tpg-container-1306215421 .post-sm .post-img,\n\t\t\t\t\t#rt-tpg-container-1306215421 .rt-post-grid .post-img,\n\t\t\t\t\t#rt-tpg-container-1306215421 .post-img img {border-radius:px;}#rt-tpg-container-1306215421 .layout1 .rt-holder h2.entry-title,\n\t\t\t\t\t#rt-tpg-container-1306215421 .layout1 .rt-holder h3.entry-title,\n\t\t\t\t\t#rt-tpg-container-1306215421 .layout1 .rt-holder h4.entry-title,\n\t\t\t\t\t#rt-tpg-container-1306215421 .layout1 .rt-holder h2.entry-title a,\n\t\t\t\t\t#rt-tpg-container-1306215421 .layout1 .rt-holder h3.entry-title a,\n\t\t\t\t\t#rt-tpg-container-1306215421 .layout1 .rt-holder h4.entry-title a,\n\t\t\t\t\t#rt-tpg-container-1306215421 .rt-holder .rt-woo-info h2 a,\n\t\t\t\t\t#rt-tpg-container-1306215421 .rt-holder .rt-woo-info h3 a,\n\t\t\t\t\t#rt-tpg-container-1306215421 .rt-holder .rt-woo-info h4 a,\n\t\t\t\t\t#rt-tpg-container-1306215421 .post-content .post-title,\n\t\t\t\t\t#rt-tpg-container-1306215421 .rt-post-grid .post-title,\n\t\t\t\t\t#rt-tpg-container-1306215421 .rt-post-grid .post-title a,\n\t\t\t\t\t#rt-tpg-container-1306215421 .post-content .post-title a,\n\t\t\t\t\t#rt-tpg-container-1306215421 .rt-holder .rt-woo-info h2,\n\t\t\t\t\t#rt-tpg-container-1306215421 .rt-holder .rt-woo-info h3,\n\t\t\t\t\t#rt-tpg-container-1306215421 .rt-holder .rt-woo-info h4{color:#dd0202;font-size:22px;line-height:32px;font-weight:500;}#rt-tpg-container-1306215421 .post-grid-lg-style-1 .post-title,\n\t\t\t\t\t\t#rt-tpg-container-1306215421 .post-grid-lg-style-1 .post-title a,\n\t\t\t\t\t\t#rt-tpg-container-1306215421 .big-layout .post-title,\n\t\t\t\t\t\t#rt-tpg-container-1306215421 .big-layout .post-title a,\n\t\t\t\t\t\t#rt-tpg-container-1306215421 .post-grid-lg-style-1 .post-title,\n\t\t\t\t\t\t#rt-tpg-container-1306215421 .post-grid-lg-style-1 .post-title a {font-size:30px;line-height:40px;}#rt-tpg-container-1306215421 .layout1 .rt-holder .tpg-excerpt,#rt-tpg-container-1306215421 .layout1 .tpg-excerpt,#rt-tpg-container-1306215421 .layout1 .rt-holder .post-content,#rt-tpg-container-1306215421 .rt-holder .rt-woo-info p,#rt-tpg-container-1306215421 .post-content p {font-size:17px;font-weight:normal;}#rt-tpg-container-1306215421 .layout1 .rt-holder .post-meta-user,\n\t\t\t\t\t#rt-tpg-container-1306215421 .layout1 .rt-meta,\n\t\t\t\t\t#rt-tpg-container-1306215421 .layout1 .rt-meta a,\n\t\t\t\t\t#rt-tpg-container-1306215421 .layout1 .rt-holder .post-meta-user .meta-data,\n\t\t\t\t\t#rt-tpg-container-1306215421 .layout1 .rt-holder .post-meta-user a,\n\t\t\t\t\t#rt-tpg-container-1306215421 .layout1 .rt-holder .rt-detail .post-meta .rt-tpg-social-share,\n\t\t\t\t\t#rt-tpg-container-1306215421 .rt-post-overlay .post-meta-user span,\n\t\t\t\t\t#rt-tpg-container-1306215421 .rt-post-overlay .post-meta-user,\n\t\t\t\t\t#rt-tpg-container-1306215421 .rt-post-overlay .post-meta-user a,\n\t\t\t\t\t#rt-tpg-container-1306215421 .rt-post-grid .post-meta-user,\n\t\t\t\t\t#rt-tpg-container-1306215421 .rt-post-grid .post-meta-user a,\n\t\t\t\t\t#rt-tpg-container-1306215421 .rt-post-box-media-style .post-meta-user,\n\t\t\t\t\t#rt-tpg-container-1306215421 .rt-post-box-media-style .post-meta-user a,\n\t\t\t\t\t#rt-tpg-container-1306215421 .layout1 .post-meta-user i,\n\t\t\t\t\t#rt-tpg-container-1306215421 .rt-detail .post-meta-category a,\n\t\t\t\t\t#rt-tpg-container-1306215421 .layout1 .post-meta-user a\n\t\t\t\t\t#rt-tpg-container-1306215421 .layout1 .post-meta-user a {font-size:18px;font-weight:bold;}<\/style><div class='rt-container-fluid rt-tpg-container tpg-shortcode-main-wrapper ' id='rt-tpg-container-1306215421'   data-layout='layout1' data-grid-style='even' data-desktop-col='2'  data-tab-col='2'  data-mobile-col='1' data-sc-id='1574'><div data-title='Laddar in \u2026' class='rt-row rt-content-loader   layout1 tpg-even '><div class=\"rt-col-md-6 rt-col-sm-6 rt-col-xs-12 even-grid-item rt-grid-item\" data-id=\"2558\"><div class=\"rt-holder\"><div class=\"rt-img-holder\"><a data-id=\"2558\" class=\"\" href=\"https:\/\/turid.se\/sv\/2024\/07\/21\/bjuroklubb\/\"><img loading=\"lazy\" decoding=\"async\" width=\"2500\" height=\"1406\" src=\"https:\/\/turid.se\/wp-content\/uploads\/2025\/01\/20240720_145509.jpg\" class=\"rt-img-responsive \" alt=\"\" style=\"width:100%;height:56.24%;max-width:2500px\" \/><\/a><\/div><div class='rt-detail'><h2 class=\"entry-title\"><a data-id=\"2558\" class=\"\" href=\"https:\/\/turid.se\/sv\/2024\/07\/21\/bjuroklubb\/\">Bjur\u00f6klubb<\/a><\/h2><div class='post-meta-user  '><span class='date'><i class='far fa-calendar-alt '><\/i>21 juli 2024<\/span><\/div><div class='tpg-excerpt'>Fr\u00e5n Pite-R\u00f6nnsk\u00e4r g\u00e5r f\u00e4rden vidare mot Bjur\u00f6klubb. N\u00e4r vi kommer in i den lilla hamnen...<\/div><\/div><\/div><\/div><div class=\"rt-col-md-6 rt-col-sm-6 rt-col-xs-12 even-grid-item rt-grid-item\" data-id=\"2532\"><div class=\"rt-holder\"><div class=\"rt-img-holder\"><a data-id=\"2532\" class=\"\" href=\"https:\/\/turid.se\/sv\/2024\/07\/19\/pite-ronnskar\/\"><img loading=\"lazy\" decoding=\"async\" width=\"2000\" height=\"1500\" src=\"https:\/\/turid.se\/wp-content\/uploads\/2025\/01\/DJI_20240718164821_0454_D.jpg\" class=\"rt-img-responsive \" alt=\"\" style=\"width:100%;height:75%;max-width:2000px\" \/><\/a><\/div><div class='rt-detail'><h2 class=\"entry-title\"><a data-id=\"2532\" class=\"\" href=\"https:\/\/turid.se\/sv\/2024\/07\/19\/pite-ronnskar\/\">Pite-R\u00f6nnsk\u00e4r<\/a><\/h2><div class='post-meta-user  '><span class='date'><i class='far fa-calendar-alt '><\/i>19 juli 2024<\/span><\/div><div class='tpg-excerpt'>Fr\u00e5n Mellerst\u00f6n utanf\u00f6r Pite\u00e5 forts\u00e4tter vi s\u00f6derut. Ig\u00e5r hamnade vi p\u00e5 den gamla f.d. fyrplatsen...<\/div><\/div><\/div><\/div><div class=\"rt-col-md-6 rt-col-sm-6 rt-col-xs-12 even-grid-item rt-grid-item\" data-id=\"2530\"><div class=\"rt-holder\"><div class=\"rt-img-holder\"><a data-id=\"2530\" class=\"\" href=\"https:\/\/turid.se\/sv\/2024\/07\/17\/mellerston\/\"><img loading=\"lazy\" decoding=\"async\" width=\"1920\" height=\"2560\" src=\"https:\/\/turid.se\/wp-content\/uploads\/2024\/07\/20240717_081950-scaled.jpg\" class=\"rt-img-responsive \" alt=\"\" style=\"width:100%;height:133.33%;max-width:1920px\" \/><\/a><\/div><div class='rt-detail'><h2 class=\"entry-title\"><a data-id=\"2530\" class=\"\" href=\"https:\/\/turid.se\/sv\/2024\/07\/17\/mellerston\/\">Mellerst\u00f6n<\/a><\/h2><div class='post-meta-user  '><span class='date'><i class='far fa-calendar-alt '><\/i>17 juli 2024<\/span><\/div><div class='tpg-excerpt'>Fr\u00e5n Lule\u00e5 gick vi till en naturhamn till, p\u00e5 Mellerst\u00f6n i Pite\u00e5 sk\u00e4rg\u00e5rd. H\u00e4r samsas...<\/div><\/div><\/div><\/div><div class=\"rt-col-md-6 rt-col-sm-6 rt-col-xs-12 even-grid-item rt-grid-item\" data-id=\"2519\"><div class=\"rt-holder\"><div class=\"rt-img-holder\"><a data-id=\"2519\" class=\"\" href=\"https:\/\/turid.se\/sv\/2024\/07\/15\/luleadagar\/\"><img loading=\"lazy\" decoding=\"async\" width=\"1500\" height=\"2000\" src=\"https:\/\/turid.se\/wp-content\/uploads\/2024\/07\/20240714_184210.jpg\" class=\"rt-img-responsive \" alt=\"\" style=\"width:100%;height:133.33%;max-width:1500px\" \/><\/a><\/div><div class='rt-detail'><h2 class=\"entry-title\"><a data-id=\"2519\" class=\"\" href=\"https:\/\/turid.se\/sv\/2024\/07\/15\/luleadagar\/\">Lule\u00e5dagar<\/a><\/h2><div class='post-meta-user  '><span class='date'><i class='far fa-calendar-alt '><\/i>15 juli 2024<\/span><\/div><div class='tpg-excerpt'>Prognosen f\u00f6r m\u00e5ndagen visade regn s\u00e5 vi seglade in fr\u00e5n Kluntarna till Lule\u00e5 i maklig...<\/div><\/div><\/div><\/div><div class=\"rt-col-md-6 rt-col-sm-6 rt-col-xs-12 even-grid-item rt-grid-item\" data-id=\"2514\"><div class=\"rt-holder\"><div class=\"rt-img-holder\"><a data-id=\"2514\" class=\"\" href=\"https:\/\/turid.se\/sv\/2024\/07\/13\/kluntarna-lulea\/\"><img loading=\"lazy\" decoding=\"async\" width=\"2000\" height=\"1125\" src=\"https:\/\/turid.se\/wp-content\/uploads\/2024\/07\/DJI_20240713170653_0436_D.jpg\" class=\"rt-img-responsive \" alt=\"\" style=\"width:100%;height:56.25%;max-width:2000px\" \/><\/a><\/div><div class='rt-detail'><h2 class=\"entry-title\"><a data-id=\"2514\" class=\"\" href=\"https:\/\/turid.se\/sv\/2024\/07\/13\/kluntarna-lulea\/\">Kluntarna, Lule\u00e5<\/a><\/h2><div class='post-meta-user  '><span class='date'><i class='far fa-calendar-alt '><\/i>13 juli 2024<\/span><\/div><div class='tpg-excerpt'>V\u00e5r resa runt Bottenviken forts\u00e4tter. Fr\u00e5n g\u00e5rdagens naturhamn utanf\u00f6r Kalix d\u00e4r vi var ensamma och...<\/div><\/div><\/div><\/div><div class=\"rt-col-md-6 rt-col-sm-6 rt-col-xs-12 even-grid-item rt-grid-item\" data-id=\"2503\"><div class=\"rt-holder\"><div class=\"rt-img-holder\"><a data-id=\"2503\" class=\"\" href=\"https:\/\/turid.se\/sv\/2024\/07\/12\/holsterviken\/\"><img loading=\"lazy\" decoding=\"async\" width=\"2000\" height=\"1500\" src=\"https:\/\/turid.se\/wp-content\/uploads\/2024\/07\/DJI_20240712164827_0434_D.jpg\" class=\"rt-img-responsive \" alt=\"\" style=\"width:100%;height:75%;max-width:2000px\" \/><\/a><\/div><div class='rt-detail'><h2 class=\"entry-title\"><a data-id=\"2503\" class=\"\" href=\"https:\/\/turid.se\/sv\/2024\/07\/12\/holsterviken\/\">Holsterviken<\/a><\/h2><div class='post-meta-user  '><span class='date'><i class='far fa-calendar-alt '><\/i>12 juli 2024<\/span><\/div><div class='tpg-excerpt'>Nu har vi v\u00e4nt s\u00f6derut. F\u00f6rsta etappen gick till Holsterviken p\u00e5 v\u00e4stsidan av Berg\u00f6n strax...<\/div><\/div><\/div><\/div><div class=\"rt-col-md-6 rt-col-sm-6 rt-col-xs-12 even-grid-item rt-grid-item\" data-id=\"2491\"><div class=\"rt-holder\"><div class=\"rt-img-holder\"><a data-id=\"2491\" class=\"\" href=\"https:\/\/turid.se\/sv\/2024\/07\/11\/yttersta-norr\/\"><img loading=\"lazy\" decoding=\"async\" width=\"2000\" height=\"1125\" src=\"https:\/\/turid.se\/wp-content\/uploads\/2024\/07\/20240710_174224.jpg\" class=\"rt-img-responsive \" alt=\"\" style=\"width:100%;height:56.25%;max-width:2000px\" \/><\/a><\/div><div class='rt-detail'><h2 class=\"entry-title\"><a data-id=\"2491\" class=\"\" href=\"https:\/\/turid.se\/sv\/2024\/07\/11\/yttersta-norr\/\">Yttersta norr<\/a><\/h2><div class='post-meta-user  '><span class='date'><i class='far fa-calendar-alt '><\/i>11 juli 2024<\/span><\/div><div class='tpg-excerpt'>Idag var vinden svag och dyningen avklingad. Det var l\u00e4ge att g\u00e5 vidare norrut. Vi...<\/div><\/div><\/div><\/div><div class=\"rt-col-md-6 rt-col-sm-6 rt-col-xs-12 even-grid-item rt-grid-item\" data-id=\"2476\"><div class=\"rt-holder\"><div class=\"rt-img-holder\"><a data-id=\"2476\" class=\"\" href=\"https:\/\/turid.se\/sv\/2024\/07\/09\/blasigt-pa-karlo\/\"><img loading=\"lazy\" decoding=\"async\" width=\"2000\" height=\"2000\" src=\"https:\/\/turid.se\/wp-content\/uploads\/2024\/07\/P1111196-1.jpg\" class=\"rt-img-responsive \" alt=\"\" style=\"width:100%;height:100%;max-width:2000px\" \/><\/a><\/div><div class='rt-detail'><h2 class=\"entry-title\"><a data-id=\"2476\" class=\"\" href=\"https:\/\/turid.se\/sv\/2024\/07\/09\/blasigt-pa-karlo\/\">Bl\u00e5sigt p\u00e5 Karl\u00f6<\/a><\/h2><div class='post-meta-user  '><span class='date'><i class='far fa-calendar-alt '><\/i>9 juli 2024<\/span><\/div><div class='tpg-excerpt'>F\u00f6rsta natten p\u00e5 Karl\u00f6 bl\u00e5ste det upp och l\u00e5nga tider hade vi stadig vid p\u00e5...<\/div><\/div><\/div><\/div><div class=\"rt-col-md-6 rt-col-sm-6 rt-col-xs-12 even-grid-item rt-grid-item\" data-id=\"2464\"><div class=\"rt-holder\"><div class=\"rt-img-holder\"><a data-id=\"2464\" class=\"\" href=\"https:\/\/turid.se\/sv\/2024\/07\/06\/karlo-forsta-dagen\/\"><img loading=\"lazy\" decoding=\"async\" width=\"2000\" height=\"1500\" src=\"https:\/\/turid.se\/wp-content\/uploads\/2024\/07\/20240706_193111.jpg\" class=\"rt-img-responsive \" alt=\"\" style=\"width:100%;height:75%;max-width:2000px\" \/><\/a><\/div><div class='rt-detail'><h2 class=\"entry-title\"><a data-id=\"2464\" class=\"\" href=\"https:\/\/turid.se\/sv\/2024\/07\/06\/karlo-forsta-dagen\/\">Karl\u00f6 &#8211; f\u00f6rsta dagen<\/a><\/h2><div class='post-meta-user  '><span class='date'><i class='far fa-calendar-alt '><\/i>6 juli 2024<\/span><\/div><div class='tpg-excerpt'>Vi steg upp tidigt i Brahestad och efter fem timmars resa norrut kom vi strax...<\/div><\/div><\/div><\/div><\/div><div class='rt-pagination-wrap' data-total-pages='15' data-posts-per-page='9' data-type='pagination'  ><div class=\"rt-pagination\" ><ul class=\"pagination-list\"><li class=\"active\"><span>1<\/span><\/li><li><a data-paged='2' href='https:\/\/turid.se\/sv\/wp-json\/wp\/v2\/pages\/1575\/page\/2\/'>2<\/a><\/li><li><a data-paged='3' href='https:\/\/turid.se\/sv\/wp-json\/wp\/v2\/pages\/1575\/page\/3\/'>3<\/a><\/li><li><a data-paged='4' href='https:\/\/turid.se\/sv\/wp-json\/wp\/v2\/pages\/1575\/page\/4\/'>4<\/a><\/li><li><a data-paged='5' href='https:\/\/turid.se\/sv\/wp-json\/wp\/v2\/pages\/1575\/page\/5\/'>5<\/a><\/li><li><a data-paged='2' href=\"https:\/\/turid.se\/sv\/wp-json\/wp\/v2\/pages\/1575\/page\/2\/\"  aria-label='Next'>&rsaquo;<\/a><\/li><li><a data-paged='15' href='https:\/\/turid.se\/sv\/wp-json\/wp\/v2\/pages\/1575\/page\/15\/' aria-label='Last'>&raquo;<\/a><\/li><\/ul><\/div><\/div><\/div>\n","protected":false},"excerpt":{"rendered":"<p>S\/Y Turid II &#8211; v\u00e5r Hallberg Rassy Monsun 31 #557 f\u00f6r oss ut p\u00e5 \u00e4ventyr runt v\u00e5ra kuster.<\/p>\n","protected":false},"author":3,"featured_media":213,"parent":0,"menu_order":10,"comment_status":"closed","ping_status":"closed","template":"","meta":{"cybocfi_hide_featured_image":"yes","footnotes":""},"categories":[31,9],"tags":[76],"class_list":["post-1575","page","type-page","status-publish","has-post-thumbnail","hentry","category-bat","category-turid-ii","tag-bloggstart","entry"],"jetpack_sharing_enabled":true,"rttpg_featured_image_url":{"full":["https:\/\/turid.se\/wp-content\/uploads\/2021\/08\/P1044103.jpg",1500,925,false],"landscape":["https:\/\/turid.se\/wp-content\/uploads\/2021\/08\/P1044103.jpg",1500,925,false],"portraits":["https:\/\/turid.se\/wp-content\/uploads\/2021\/08\/P1044103.jpg",1500,925,false],"thumbnail":["https:\/\/turid.se\/wp-content\/uploads\/2021\/08\/P1044103-150x150.jpg",150,150,true],"medium":["https:\/\/turid.se\/wp-content\/uploads\/2021\/08\/P1044103-300x185.jpg",300,185,true],"large":["https:\/\/turid.se\/wp-content\/uploads\/2021\/08\/P1044103-1024x631.jpg",1000,616,true],"1536x1536":["https:\/\/turid.se\/wp-content\/uploads\/2021\/08\/P1044103.jpg",1500,925,false],"2048x2048":["https:\/\/turid.se\/wp-content\/uploads\/2021\/08\/P1044103.jpg",1500,925,false],"trp-custom-language-flag":["https:\/\/turid.se\/wp-content\/uploads\/2021\/08\/P1044103.jpg",18,12,false],"post-thumbnail":["https:\/\/turid.se\/wp-content\/uploads\/2021\/08\/P1044103.jpg",1500,925,false]},"rttpg_author":{"display_name":"Jakob Norstedt","author_link":"https:\/\/turid.se\/sv\/author\/jakob\/"},"rttpg_comment":0,"rttpg_category":"<a href=\"https:\/\/turid.se\/sv\/kat\/bat\/\" rel=\"category tag\">B\u00e5t<\/a> <a href=\"https:\/\/turid.se\/sv\/kat\/bat\/turid-ii\/\" rel=\"category tag\">Turid II<\/a>","rttpg_excerpt":"S\/Y Turid II &#8211; v\u00e5r Hallberg Rassy Monsun 31 #557 f\u00f6r oss ut p\u00e5 \u00e4ventyr runt v\u00e5ra kuster.","_links":{"self":[{"href":"https:\/\/turid.se\/sv\/wp-json\/wp\/v2\/pages\/1575","targetHints":{"allow":["GET"]}}],"collection":[{"href":"https:\/\/turid.se\/sv\/wp-json\/wp\/v2\/pages"}],"about":[{"href":"https:\/\/turid.se\/sv\/wp-json\/wp\/v2\/types\/page"}],"author":[{"embeddable":true,"href":"https:\/\/turid.se\/sv\/wp-json\/wp\/v2\/users\/3"}],"replies":[{"embeddable":true,"href":"https:\/\/turid.se\/sv\/wp-json\/wp\/v2\/comments?post=1575"}],"version-history":[{"count":17,"href":"https:\/\/turid.se\/sv\/wp-json\/wp\/v2\/pages\/1575\/revisions"}],"predecessor-version":[{"id":2585,"href":"https:\/\/turid.se\/sv\/wp-json\/wp\/v2\/pages\/1575\/revisions\/2585"}],"wp:featuredmedia":[{"embeddable":true,"href":"https:\/\/turid.se\/sv\/wp-json\/wp\/v2\/media\/213"}],"wp:attachment":[{"href":"https:\/\/turid.se\/sv\/wp-json\/wp\/v2\/media?parent=1575"}],"wp:term":[{"taxonomy":"category","embeddable":true,"href":"https:\/\/turid.se\/sv\/wp-json\/wp\/v2\/categories?post=1575"},{"taxonomy":"post_tag","embeddable":true,"href":"https:\/\/turid.se\/sv\/wp-json\/wp\/v2\/tags?post=1575"}],"curies":[{"name":"wp","href":"https:\/\/api.w.org\/{rel}","templated":true}]}}