{"id":2,"date":"2014-03-09T07:58:25","date_gmt":"2014-03-09T06:58:25","guid":{"rendered":"http:\/\/hoijen.se\/?page_id=2"},"modified":"2023-10-28T08:12:08","modified_gmt":"2023-10-28T06:12:08","slug":"lankar_hoijen","status":"publish","type":"page","link":"https:\/\/turid.se\/sv\/lankar_hoijen\/","title":{"rendered":"L\u00e4nkar H\u00f6ijen"},"content":{"rendered":"\n<div class=\"wp-block-buttons is-layout-flex wp-block-buttons-is-layout-flex\"><\/div>\n\n\n<p><a href=\"https:\/\/minkarta.lantmateriet.se\/plats\/3006\/v1.0\/?e=541267&amp;n=6719124&amp;z=11&amp;mapprofile=karta&amp;background=1&amp;boundaries=false&amp;name=H%C3%B6ijen%20med%20omgivningar\" target=\"_blank\" rel=\"noopener\">Karta \u00f6ver H\u00f6jen med omgivningar<\/a><\/p>\n<h3>B\u00f6cker<\/h3>\n<p><a href=\"https:\/\/turid.se\/wp-content\/uploads\/2023\/10\/Jacob-Ingelssons-berattelse-om-Stora-Kopparberget-ar-1716-Helmer-Lagergren-1913.pdf\" target=\"_blank\" rel=\"noopener\">Jacob Ingelssons ber\u00e4ttelse om Stora Kopparberget 1716 utgiven av Helmer Lagergren (PDF)<\/a><\/p>\n<p><a href=\"https:\/\/turid.se\/wp-content\/uploads\/2023\/10\/Med-Dalalven-fran-Kallorna-till-havet-Del-III-bok-3.pdf\" target=\"_blank\" rel=\"noopener\">Med Dal\u00e4lven fr\u00e5n k\u00e4llorna till havet Del III bok 3 &#8211; Sundborn &#8211; Karl Erik Forsslund<\/a><\/p>\n<p><a href=\"https:\/\/turid.se\/wp-content\/uploads\/2023\/10\/Med-Dalalven-fran-Kallorna-till-havet-Del-III-bok-4.pdf\" target=\"_blank\" rel=\"noopener\">Med Dal\u00e4lven fr\u00e5n k\u00e4llorna till havet Del III bok 4 &#8211; Stora Kopparbergs socken &#8211; Karl Erik Forsslund<\/a><\/p>\n<p><a href=\"https:\/\/turid.se\/wp-content\/uploads\/2023\/10\/1960-Ortnamn-i-Kopparbergslagen-Harry-Stahl.pdf\">Ortnamn i Kopparbergslagen &#8211; Harry St\u00e5hl<\/a><\/p>\n<p><a href=\"https:\/\/turid.se\/wp-content\/uploads\/2023\/10\/Edelfeldt-Cornelius-Svinhufvud-1.pdf\">Cornelius Svinhufvud del 1 &#8211; Walter Edelfeldt<\/a><\/p>\n<p><a href=\"https:\/\/turid.se\/wp-content\/uploads\/2023\/10\/Edelfeldt-Cornelius-Svinhufvud-2.pdf\">Cornelius Svinhufvud del 2 &#8211; Walter Edelfeldt<\/a><\/p>\n<p><a href=\"https:\/\/turid.se\/wp-content\/uploads\/2023\/10\/Ur-Hosjo-aldre-historia-Ake-Frodin-1935.pdf\">Ur Hosj\u00f6 \u00e4ldre historia &#8211; \u00c5ke Fr\u00f6din<\/a><\/p>\n<p><a href=\"https:\/\/turid.se\/wp-content\/uploads\/2023\/10\/Kopparbergslagen-fram-till-1570-talets-genombrott-Bertil-Boetius.pdf\">Kopparbergslagen fram till 1570-talets genombrott &#8211; Bertil Bo\u00ebtius<\/a><\/p>\n<p><a href=\"https:\/\/turid.se\/wp-content\/uploads\/2023\/10\/1775-12-22-Carl-Jacob-Lundstrom-Avhandling-om-Stora-Kopparbergs-bergsfralse.pdf\">1775-12-22 Carl Jacob Lundstr\u00f6m &#8211; Avhandling om Stora Kopparbergs bergsfr\u00e4lse<\/a><\/p>\n<h3>DNA-projekt<\/h3>\n<p><a href=\"https:\/\/www.familytreedna.com\/groups\/kopparberget\/\" target=\"_blank\" rel=\"noopener\">\u00a0Stora Kopparberget &#8211; The Great Copper Mountain &#8211; DNA project<\/a><\/p>\n<p><a href=\"https:\/\/www.yseq.net\/group_alleles.php?gid=97\" target=\"_blank\" rel=\"noopener\">Yseq samples &#8211; Kopparberget<\/a><\/p>\n<p><a href=\"https:\/\/www.yseq.net\/group_alleles.php?gid=99\" target=\"_blank\" rel=\"noopener\">Yseq samples &#8211;\u00a0I1-Z73 \/ CTS1679 \/ L1301 and subclades<\/a><\/p>\n<p><a href=\"https:\/\/www.yseq.net\/group_alleles.php?gid=107\" target=\"_blank\" rel=\"noopener\">Yseq samples &#8211; Q Nordic<\/a><\/p>\n<p><a href=\"https:\/\/www.yseq.net\/group_alleles.php?gid=114\" target=\"_blank\" rel=\"noopener\">Yseq samples &#8211;\u00a0I1-Z2337 JN38+ SwF<\/a><\/p>","protected":false},"excerpt":{"rendered":"<p>Karta \u00f6ver H\u00f6jen med omgivningar B\u00f6cker Jacob Ingelssons ber\u00e4ttelse om Stora Kopparberget 1716 utgiven av Helmer Lagergren (PDF) Med Dal\u00e4lven fr\u00e5n k\u00e4llorna till havet Del III bok 3 &#8211; Sundborn &#8211; Karl Erik Forsslund Med Dal\u00e4lven fr\u00e5n k\u00e4llorna till havet Del III bok 4 &#8211; Stora Kopparbergs socken &#8211; Karl Erik Forsslund Ortnamn i Kopparbergslagen&hellip; <a class=\"more-link\" href=\"https:\/\/turid.se\/sv\/lankar_hoijen\/\">Forts\u00e4tt l\u00e4sa <span class=\"screen-reader-text\">L\u00e4nkar H\u00f6ijen<\/span><\/a><\/p>\n","protected":false},"author":3,"featured_media":15,"parent":0,"menu_order":0,"comment_status":"open","ping_status":"closed","template":"","meta":{"cybocfi_hide_featured_image":"","footnotes":""},"categories":[55],"tags":[],"class_list":["post-2","page","type-page","status-publish","has-post-thumbnail","hentry","category-hoijen","entry"],"jetpack_sharing_enabled":true,"rttpg_featured_image_url":{"full":["https:\/\/turid.se\/wp-content\/uploads\/2014\/04\/huvud_1600x230px.jpg",1600,230,false],"landscape":["https:\/\/turid.se\/wp-content\/uploads\/2014\/04\/huvud_1600x230px.jpg",1600,230,false],"portraits":["https:\/\/turid.se\/wp-content\/uploads\/2014\/04\/huvud_1600x230px.jpg",1600,230,false],"thumbnail":["https:\/\/turid.se\/wp-content\/uploads\/2014\/04\/huvud_1600x230px-150x150.jpg",150,150,true],"medium":["https:\/\/turid.se\/wp-content\/uploads\/2014\/04\/huvud_1600x230px-300x43.jpg",300,43,true],"large":["https:\/\/turid.se\/wp-content\/uploads\/2014\/04\/huvud_1600x230px-1024x147.jpg",1000,144,true],"1536x1536":["https:\/\/turid.se\/wp-content\/uploads\/2014\/04\/huvud_1600x230px-1536x221.jpg",1536,221,true],"2048x2048":["https:\/\/turid.se\/wp-content\/uploads\/2014\/04\/huvud_1600x230px.jpg",1600,230,false],"trp-custom-language-flag":["https:\/\/turid.se\/wp-content\/uploads\/2014\/04\/huvud_1600x230px-18x3.jpg",18,3,true],"post-thumbnail":["https:\/\/turid.se\/wp-content\/uploads\/2014\/04\/huvud_1600x230px-1568x225.jpg",1568,225,true]},"rttpg_author":{"display_name":"Jakob Norstedt","author_link":"https:\/\/turid.se\/sv\/author\/jakob\/"},"rttpg_comment":0,"rttpg_category":" <a href=\"https:\/\/turid.se\/sv\/kat\/hoijen\/\" rel=\"tag\">H\u00f6ijen<\/a>","rttpg_excerpt":"Karta \u00f6ver H\u00f6jen med omgivningar B\u00f6cker Jacob Ingelssons ber\u00e4ttelse om Stora Kopparberget 1716 utgiven av Helmer Lagergren (PDF) Med Dal\u00e4lven fr\u00e5n k\u00e4llorna till havet Del III bok 3 &#8211; Sundborn &#8211; Karl Erik Forsslund Med Dal\u00e4lven fr\u00e5n k\u00e4llorna till havet Del III bok 4 &#8211; Stora Kopparbergs socken &#8211; Karl Erik Forsslund Ortnamn i Kopparbergslagen&hellip;&hellip;","_links":{"self":[{"href":"https:\/\/turid.se\/sv\/wp-json\/wp\/v2\/pages\/2","targetHints":{"allow":["GET"]}}],"collection":[{"href":"https:\/\/turid.se\/sv\/wp-json\/wp\/v2\/pages"}],"about":[{"href":"https:\/\/turid.se\/sv\/wp-json\/wp\/v2\/types\/page"}],"author":[{"embeddable":true,"href":"https:\/\/turid.se\/sv\/wp-json\/wp\/v2\/users\/3"}],"replies":[{"embeddable":true,"href":"https:\/\/turid.se\/sv\/wp-json\/wp\/v2\/comments?post=2"}],"version-history":[{"count":8,"href":"https:\/\/turid.se\/sv\/wp-json\/wp\/v2\/pages\/2\/revisions"}],"predecessor-version":[{"id":2053,"href":"https:\/\/turid.se\/sv\/wp-json\/wp\/v2\/pages\/2\/revisions\/2053"}],"wp:featuredmedia":[{"embeddable":true,"href":"https:\/\/turid.se\/sv\/wp-json\/wp\/v2\/media\/15"}],"wp:attachment":[{"href":"https:\/\/turid.se\/sv\/wp-json\/wp\/v2\/media?parent=2"}],"wp:term":[{"taxonomy":"category","embeddable":true,"href":"https:\/\/turid.se\/sv\/wp-json\/wp\/v2\/categories?post=2"},{"taxonomy":"post_tag","embeddable":true,"href":"https:\/\/turid.se\/sv\/wp-json\/wp\/v2\/tags?post=2"}],"curies":[{"name":"wp","href":"https:\/\/api.w.org\/{rel}","templated":true}]}}