{"id":2005,"date":"2023-10-27T19:41:08","date_gmt":"2023-10-27T17:41:08","guid":{"rendered":"https:\/\/turid.se\/?page_id=2005"},"modified":"2023-10-28T07:33:36","modified_gmt":"2023-10-28T05:33:36","slug":"oversikt","status":"publish","type":"page","link":"https:\/\/turid.se\/sv\/","title":{"rendered":"\u00d6versikt"},"content":{"rendered":"<style type='text\/css' media='all'>#rt-tpg-container-3483179618 .rt-holder .rt-woo-info .price{color:#0367bf;}body .rt-tpg-container .rt-tpg-isotope-buttons .selected,\n\t\t\t\t\t#rt-tpg-container-3483179618 .layout12 .rt-holder:hover .rt-detail,\n\t\t\t\t\t#rt-tpg-container-3483179618 .isotope8 .rt-holder:hover .rt-detail,\n\t\t\t\t\t#rt-tpg-container-3483179618 .carousel8 .rt-holder:hover .rt-detail,\n\t\t\t\t\t#rt-tpg-container-3483179618 .layout13 .rt-holder .overlay .post-info,\n\t\t\t\t\t#rt-tpg-container-3483179618 .isotope9 .rt-holder .overlay .post-info,\n\t\t\t\t\t#rt-tpg-container-3483179618.rt-tpg-container .layout4 .rt-holder .rt-detail,\n\t\t\t\t\t.rt-modal-3483179618 .md-content,\n\t\t\t\t\t.rt-modal-3483179618 .md-content > .rt-md-content-holder .rt-md-content,\n\t\t\t\t\t.rt-popup-wrap-3483179618.rt-popup-wrap .rt-popup-navigation-wrap,\n\t\t\t\t\t#rt-tpg-container-3483179618 .carousel9 .rt-holder .overlay .post-info{background-color:#0367bf;}#rt-tpg-container-3483179618 .layout5 .rt-holder .overlay, #rt-tpg-container-3483179618 .isotope2 .rt-holder .overlay, #rt-tpg-container-3483179618 .carousel2 .rt-holder .overlay,#rt-tpg-container-3483179618 .layout15 .rt-holder h3, #rt-tpg-container-3483179618 .isotope11 .rt-holder h3, #rt-tpg-container-3483179618 .carousel11 .rt-holder h3, #rt-tpg-container-3483179618 .layout16 .rt-holder h3,\n\t\t\t\t\t#rt-tpg-container-3483179618 .isotope12 .rt-holder h3, #rt-tpg-container-3483179618 .carousel12 .rt-holder h3 {background-color:rgba(3,103,191,0.8);}#rt-tpg-container-3483179618 .read-more a{border-radius:px;}#rt-tpg-container-3483179618 .rt-img-holder img.rt-img-responsive,#rt-tpg-container-3483179618 .rt-img-holder,\n\t\t\t\t\t#rt-tpg-container-3483179618 .rt-post-overlay .post-img,\n\t\t\t\t\t#rt-tpg-container-3483179618 .post-sm .post-img,\n\t\t\t\t\t#rt-tpg-container-3483179618 .rt-post-grid .post-img,\n\t\t\t\t\t#rt-tpg-container-3483179618 .post-img img {border-radius:px;}#rt-tpg-container-3483179618 .layout1 .rt-holder h2.entry-title,\n\t\t\t\t\t#rt-tpg-container-3483179618 .layout1 .rt-holder h3.entry-title,\n\t\t\t\t\t#rt-tpg-container-3483179618 .layout1 .rt-holder h4.entry-title,\n\t\t\t\t\t#rt-tpg-container-3483179618 .layout1 .rt-holder h2.entry-title a,\n\t\t\t\t\t#rt-tpg-container-3483179618 .layout1 .rt-holder h3.entry-title a,\n\t\t\t\t\t#rt-tpg-container-3483179618 .layout1 .rt-holder h4.entry-title a,\n\t\t\t\t\t#rt-tpg-container-3483179618 .rt-holder .rt-woo-info h2 a,\n\t\t\t\t\t#rt-tpg-container-3483179618 .rt-holder .rt-woo-info h3 a,\n\t\t\t\t\t#rt-tpg-container-3483179618 .rt-holder .rt-woo-info h4 a,\n\t\t\t\t\t#rt-tpg-container-3483179618 .post-content .post-title,\n\t\t\t\t\t#rt-tpg-container-3483179618 .rt-post-grid .post-title,\n\t\t\t\t\t#rt-tpg-container-3483179618 .rt-post-grid .post-title a,\n\t\t\t\t\t#rt-tpg-container-3483179618 .post-content .post-title a,\n\t\t\t\t\t#rt-tpg-container-3483179618 .rt-holder .rt-woo-info h2,\n\t\t\t\t\t#rt-tpg-container-3483179618 .rt-holder .rt-woo-info h3,\n\t\t\t\t\t#rt-tpg-container-3483179618 .rt-holder .rt-woo-info h4{color:#dd0202;font-size:25px;line-height:35px;font-weight:500;}#rt-tpg-container-3483179618 .post-grid-lg-style-1 .post-title,\n\t\t\t\t\t\t#rt-tpg-container-3483179618 .post-grid-lg-style-1 .post-title a,\n\t\t\t\t\t\t#rt-tpg-container-3483179618 .big-layout .post-title,\n\t\t\t\t\t\t#rt-tpg-container-3483179618 .big-layout .post-title a,\n\t\t\t\t\t\t#rt-tpg-container-3483179618 .post-grid-lg-style-1 .post-title,\n\t\t\t\t\t\t#rt-tpg-container-3483179618 .post-grid-lg-style-1 .post-title a {font-size:33px;line-height:43px;}#rt-tpg-container-3483179618 .layout1 .rt-holder .tpg-excerpt,#rt-tpg-container-3483179618 .layout1 .tpg-excerpt,#rt-tpg-container-3483179618 .layout1 .rt-holder .post-content,#rt-tpg-container-3483179618 .rt-holder .rt-woo-info p,#rt-tpg-container-3483179618 .post-content p {font-size:18px;}#rt-tpg-container-3483179618 .layout1 .rt-holder .post-meta-user,\n\t\t\t\t\t#rt-tpg-container-3483179618 .layout1 .rt-meta,\n\t\t\t\t\t#rt-tpg-container-3483179618 .layout1 .rt-meta a,\n\t\t\t\t\t#rt-tpg-container-3483179618 .layout1 .rt-holder .post-meta-user .meta-data,\n\t\t\t\t\t#rt-tpg-container-3483179618 .layout1 .rt-holder .post-meta-user a,\n\t\t\t\t\t#rt-tpg-container-3483179618 .layout1 .rt-holder .rt-detail .post-meta .rt-tpg-social-share,\n\t\t\t\t\t#rt-tpg-container-3483179618 .rt-post-overlay .post-meta-user span,\n\t\t\t\t\t#rt-tpg-container-3483179618 .rt-post-overlay .post-meta-user,\n\t\t\t\t\t#rt-tpg-container-3483179618 .rt-post-overlay .post-meta-user a,\n\t\t\t\t\t#rt-tpg-container-3483179618 .rt-post-grid .post-meta-user,\n\t\t\t\t\t#rt-tpg-container-3483179618 .rt-post-grid .post-meta-user a,\n\t\t\t\t\t#rt-tpg-container-3483179618 .rt-post-box-media-style .post-meta-user,\n\t\t\t\t\t#rt-tpg-container-3483179618 .rt-post-box-media-style .post-meta-user a,\n\t\t\t\t\t#rt-tpg-container-3483179618 .layout1 .post-meta-user i,\n\t\t\t\t\t#rt-tpg-container-3483179618 .rt-detail .post-meta-category a,\n\t\t\t\t\t#rt-tpg-container-3483179618 .layout1 .post-meta-user a\n\t\t\t\t\t#rt-tpg-container-3483179618 .layout1 .post-meta-user a {font-size:18px;font-weight:bold;}<\/style><div class='rt-container-fluid rt-tpg-container tpg-shortcode-main-wrapper ' id='rt-tpg-container-3483179618'   data-layout='layout1' data-grid-style='even' data-desktop-col='2'  data-tab-col='2'  data-mobile-col='1' data-sc-id='2015'><div data-title='Laddar in \u2026' class='rt-row rt-content-loader   layout1 tpg-even '><div class=\"rt-col-md-6 rt-col-sm-6 rt-col-xs-12 even-grid-item rt-grid-item\" data-id=\"2689\"><div class=\"rt-holder\"><div class=\"rt-img-holder\"><a data-id=\"2689\" class=\"\" href=\"https:\/\/turid.se\/sv\/atlant26\/\"><img loading=\"lazy\" decoding=\"async\" width=\"1600\" height=\"1064\" src=\"https:\/\/turid.se\/wp-content\/uploads\/2026\/03\/BrightSky.png\" class=\"rt-img-responsive \" alt=\"\" style=\"width:100%;height:66.5%;max-width:1600px\" \/><\/a><\/div><div class='rt-detail'><h3 class=\"entry-title\"><a data-id=\"2689\" class=\"\" href=\"https:\/\/turid.se\/sv\/atlant26\/\">Med lastfartyg \u00f6ver Atlanten<\/a><\/h3><div class='tpg-excerpt'>En resa med M\/V Bright Sky fr\u00e5n Durban i Sydafrika till Rotterdam i april 2026...<\/div><\/div><\/div><\/div><div class=\"rt-col-md-6 rt-col-sm-6 rt-col-xs-12 even-grid-item rt-grid-item\" data-id=\"1575\"><div class=\"rt-holder\"><div class=\"rt-img-holder\"><a data-id=\"1575\" class=\"\" href=\"https:\/\/turid.se\/sv\/bat\/\"><img loading=\"lazy\" decoding=\"async\" width=\"1500\" height=\"925\" src=\"https:\/\/turid.se\/wp-content\/uploads\/2021\/08\/P1044103.jpg\" class=\"rt-img-responsive \" alt=\"\" style=\"width:100%;height:61.67%;max-width:1500px\" \/><\/a><\/div><div class='rt-detail'><h3 class=\"entry-title\"><a data-id=\"1575\" class=\"\" href=\"https:\/\/turid.se\/sv\/bat\/\">Turidbloggen &#8211; b\u00e5tliv<\/a><\/h3><div class='tpg-excerpt'>S\/Y Turid II &#8211; v\u00e5r Hallberg Rassy Monsun 31 #557 f\u00f6r oss ut p\u00e5 \u00e4ventyr...<\/div><\/div><\/div><\/div><div class=\"rt-col-md-6 rt-col-sm-6 rt-col-xs-12 even-grid-item rt-grid-item\" data-id=\"2337\"><div class=\"rt-holder\"><div class=\"rt-img-holder\"><a data-id=\"2337\" class=\"\" href=\"https:\/\/turid.se\/sv\/turid-fran-lofoten-bat-och-modell\/\"><img loading=\"lazy\" decoding=\"async\" width=\"1772\" height=\"1031\" src=\"https:\/\/turid.se\/wp-content\/uploads\/2023\/12\/66_Turid-i-Appelviken2.jpg\" class=\"rt-img-responsive \" alt=\"\" style=\"width:100%;height:58.18%;max-width:1772px\" \/><\/a><\/div><div class='rt-detail'><h3 class=\"entry-title\"><a data-id=\"2337\" class=\"\" href=\"https:\/\/turid.se\/sv\/turid-fran-lofoten-bat-och-modell\/\">Turid fr\u00e5n Lofoten &#8211; b\u00e5t och modell<\/a><\/h3><div class='tpg-excerpt'>Den gamla ombyggda fiskeb\u00e5ten Turid som p\u00e5 1960-talet f\u00f6rde Jakob ut p\u00e5 \u00e4ventyr, den modell...<\/div><\/div><\/div><\/div><div class=\"rt-col-md-6 rt-col-sm-6 rt-col-xs-12 even-grid-item rt-grid-item\" data-id=\"1418\"><div class=\"rt-holder\"><div class=\"rt-img-holder\"><a data-id=\"1418\" class=\"\" href=\"https:\/\/turid.se\/sv\/reportage\/\"><img loading=\"lazy\" decoding=\"async\" width=\"2000\" height=\"1175\" src=\"https:\/\/turid.se\/wp-content\/uploads\/2023\/07\/Hogbonden63_1502_Staffan_Norstedt.jpg\" class=\"rt-img-responsive \" alt=\"\" style=\"width:100%;height:58.75%;max-width:2000px\" \/><\/a><\/div><div class='rt-detail'><h3 class=\"entry-title\"><a data-id=\"1418\" class=\"\" href=\"https:\/\/turid.se\/sv\/reportage\/\">Reportage &#8211; lite av varje<\/a><\/h3><div class='tpg-excerpt'>Vi \u00e4r en skrivande familj. En samling reportage med \u00e4ventyr fr\u00e5n 1950-talet och fram\u00e5t...<\/div><\/div><\/div><\/div><div class=\"rt-col-md-6 rt-col-sm-6 rt-col-xs-12 even-grid-item rt-grid-item\" data-id=\"1849\"><div class=\"rt-holder\"><div class=\"rt-img-holder\"><a data-id=\"1849\" class=\"\" href=\"https:\/\/turid.se\/sv\/blogg-hoijen\/\"><img loading=\"lazy\" decoding=\"async\" width=\"1260\" height=\"800\" src=\"https:\/\/turid.se\/wp-content\/uploads\/2023\/10\/1655-Stora-Kopparbergs-socken-detalj.jpg\" class=\"rt-img-responsive \" alt=\"\" style=\"width:100%;height:63.49%;max-width:1260px\" \/><\/a><\/div><div class='rt-detail'><h3 class=\"entry-title\"><a data-id=\"1849\" class=\"\" href=\"https:\/\/turid.se\/sv\/blogg-hoijen\/\">H\u00f6ijen-bloggen &#8211; om sl\u00e4ktforskning<\/a><\/h3><div class='tpg-excerpt'>H\u00f6ijenblogen har flyttat hit! Jakob har haft den sedan 2014 f\u00f6r att dokumentera DNA-sl\u00e4ktforskningsfynd. L\u00e5g...<\/div><\/div><\/div><\/div><\/div><\/div>\n","protected":false},"excerpt":{"rendered":"","protected":false},"author":3,"featured_media":0,"parent":0,"menu_order":0,"comment_status":"closed","ping_status":"closed","template":"","meta":{"cybocfi_hide_featured_image":"","footnotes":""},"categories":[],"tags":[],"class_list":["post-2005","page","type-page","status-publish","hentry","entry"],"jetpack_sharing_enabled":true,"rttpg_featured_image_url":null,"rttpg_author":{"display_name":"Jakob Norstedt","author_link":"https:\/\/turid.se\/sv\/author\/jakob\/"},"rttpg_comment":0,"rttpg_category":false,"rttpg_excerpt":null,"_links":{"self":[{"href":"https:\/\/turid.se\/sv\/wp-json\/wp\/v2\/pages\/2005","targetHints":{"allow":["GET"]}}],"collection":[{"href":"https:\/\/turid.se\/sv\/wp-json\/wp\/v2\/pages"}],"about":[{"href":"https:\/\/turid.se\/sv\/wp-json\/wp\/v2\/types\/page"}],"author":[{"embeddable":true,"href":"https:\/\/turid.se\/sv\/wp-json\/wp\/v2\/users\/3"}],"replies":[{"embeddable":true,"href":"https:\/\/turid.se\/sv\/wp-json\/wp\/v2\/comments?post=2005"}],"version-history":[{"count":5,"href":"https:\/\/turid.se\/sv\/wp-json\/wp\/v2\/pages\/2005\/revisions"}],"predecessor-version":[{"id":2032,"href":"https:\/\/turid.se\/sv\/wp-json\/wp\/v2\/pages\/2005\/revisions\/2032"}],"wp:attachment":[{"href":"https:\/\/turid.se\/sv\/wp-json\/wp\/v2\/media?parent=2005"}],"wp:term":[{"taxonomy":"category","embeddable":true,"href":"https:\/\/turid.se\/sv\/wp-json\/wp\/v2\/categories?post=2005"},{"taxonomy":"post_tag","embeddable":true,"href":"https:\/\/turid.se\/sv\/wp-json\/wp\/v2\/tags?post=2005"}],"curies":[{"name":"wp","href":"https:\/\/api.w.org\/{rel}","templated":true}]}}