{"id":2604,"date":"2025-03-29T19:33:45","date_gmt":"2025-03-29T18:33:45","guid":{"rendered":"https:\/\/turid.se\/?page_id=2604"},"modified":"2026-02-19T08:21:17","modified_gmt":"2026-02-19T07:21:17","slug":"happycreators","status":"publish","type":"page","link":"https:\/\/turid.se\/sv\/happycreators\/","title":{"rendered":"HappyCreators"},"content":{"rendered":"\n<h2 class=\"wp-block-heading\">Scenkonst och annan ut\u00e5triktad verksamhet.<\/h2>\n\n\n\n<div class=\"wp-block-columns is-layout-flex wp-container-core-columns-is-layout-d0b3c9c8 wp-block-columns-is-layout-flex\">\n<div class=\"wp-block-column has-gray-color has-white-background-color has-text-color has-background has-link-color wp-elements-d030a4ee17095b855a71a7d93cbb31e9 is-layout-flow wp-block-column-is-layout-flow\" style=\"border-width:3px;border-radius:0px;padding-top:var(--wp--preset--spacing--30);padding-right:var(--wp--preset--spacing--30);padding-bottom:var(--wp--preset--spacing--30);padding-left:var(--wp--preset--spacing--30)\">\n<h3 class=\"wp-block-heading\">Tutan och det mystiska paketet &#8211; en clownf\u00f6rest\u00e4llning f\u00f6r barn upp till c:a 9 \u00e5r.<\/h3>\n\n\n\n<figure class=\"wp-block-image size-large\"><a href=\"https:\/\/turid.se\/wp-content\/uploads\/2025\/03\/746e1b8c-f4d4-4185-89c1-8346969132db.jpg\"><img loading=\"lazy\" decoding=\"async\" width=\"1024\" height=\"768\" src=\"https:\/\/turid.se\/wp-content\/uploads\/2025\/03\/746e1b8c-f4d4-4185-89c1-8346969132db-1024x768.jpg\" alt=\"\" class=\"wp-image-2589\" srcset=\"https:\/\/turid.se\/wp-content\/uploads\/2025\/03\/746e1b8c-f4d4-4185-89c1-8346969132db-1024x768.jpg 1024w, https:\/\/turid.se\/wp-content\/uploads\/2025\/03\/746e1b8c-f4d4-4185-89c1-8346969132db-300x225.jpg 300w, https:\/\/turid.se\/wp-content\/uploads\/2025\/03\/746e1b8c-f4d4-4185-89c1-8346969132db-768x576.jpg 768w, https:\/\/turid.se\/wp-content\/uploads\/2025\/03\/746e1b8c-f4d4-4185-89c1-8346969132db-1536x1152.jpg 1536w, https:\/\/turid.se\/wp-content\/uploads\/2025\/03\/746e1b8c-f4d4-4185-89c1-8346969132db-16x12.jpg 16w, https:\/\/turid.se\/wp-content\/uploads\/2025\/03\/746e1b8c-f4d4-4185-89c1-8346969132db-1568x1176.jpg 1568w, https:\/\/turid.se\/wp-content\/uploads\/2025\/03\/746e1b8c-f4d4-4185-89c1-8346969132db.jpg 2000w\" sizes=\"auto, (max-width: 1024px) 100vw, 1024px\" \/><\/a><figcaption class=\"wp-element-caption\">Tutan och det mystiska paketet &#8211;  en clowf\u00f6rest\u00e4llning f\u00f6r barn 5-9 \u00e5r<\/figcaption><\/figure>\n\n\n\n<p>Boka Eva L\u00f6nn, alias Tutan, till ditt bibliotek eller din scen.<\/p>\n\n\n\n<p>Tel: 070-7463619<br>Epost: <a href=\"mailto:eva@turid.se\">eva@turid.se<\/a><\/p>\n\n\n\n<p><em><strong>&#8221;Jag tycker att din clownf\u00f6rest\u00e4llning var b\u00e5de rolig och fin. Du hade ett bra samspel med publiken. Helt enkelt superbra!&#8221;<\/strong><\/em> &#8211; Annika Edlund, ordf\u00f6rande Kulturf\u00f6reningen Pilgatan<\/p>\n\n\n\n<p><em><strong>&#8221;Tutan bjuder p\u00e5 en finurlig och medryckande show d\u00e4r publiken f\u00e5r vara med p\u00e5 noterna.&#8221;<\/strong><\/em> &#8211; Tove Liliequist, bibliotekarie, Ume\u00e5 stadsbibliotek<\/p>\n\n\n\n<h4 class=\"wp-block-heading\">Tidigare f\u00f6rest\u00e4llningar:<\/h4>\n\n\n\n<p>2025-03-06 H\u00f6rneforsbiblioteket<br>2025-02-16 \u00c5lidhemsbiblioteket<br>2024-11-19 S\u00e4varbiblioteket<br>2024-03-24 \u00c5lidhemsbiblioteket<br>2024-02-25 Caf\u00e9 Pilgatan, Ume\u00e5<br>2023-11-19 V\u00e4ven, Ume\u00e5<br>2023-05-23 Nordmalings bibliotek<br>2023-05-13 Klossen, \u00c5lidhem<\/p>\n<\/div>\n<\/div>\n\n\n\n<div class=\"wp-block-buttons is-layout-flex wp-block-buttons-is-layout-flex\"><\/div>\n\n\n\n<p><\/p>\n","protected":false},"excerpt":{"rendered":"<p>Scenkonst och annan ut\u00e5triktad verksamhet. Tutan och det mystiska paketet &#8211; en clownf\u00f6rest\u00e4llning f\u00f6r barn upp till c:a 9 \u00e5r. Boka Eva L\u00f6nn, alias Tutan, till ditt bibliotek eller din scen. Tel: 070-7463619Epost: eva@turid.se &#8221;Jag tycker att din clownf\u00f6rest\u00e4llning var b\u00e5de rolig och fin. Du hade ett bra samspel med publiken. Helt enkelt superbra!&#8221; &#8211;&hellip; <a class=\"more-link\" href=\"https:\/\/turid.se\/sv\/happycreators\/\">Forts\u00e4tt l\u00e4sa <span class=\"screen-reader-text\">HappyCreators<\/span><\/a><\/p>\n","protected":false},"author":3,"featured_media":2589,"parent":0,"menu_order":0,"comment_status":"closed","ping_status":"closed","template":"","meta":{"cybocfi_hide_featured_image":"yes","footnotes":""},"categories":[85],"tags":[],"class_list":["post-2604","page","type-page","status-publish","has-post-thumbnail","hentry","category-gren","entry"],"jetpack_sharing_enabled":true,"rttpg_featured_image_url":{"full":["https:\/\/turid.se\/wp-content\/uploads\/2025\/03\/746e1b8c-f4d4-4185-89c1-8346969132db.jpg",2000,1500,false],"landscape":["https:\/\/turid.se\/wp-content\/uploads\/2025\/03\/746e1b8c-f4d4-4185-89c1-8346969132db.jpg",2000,1500,false],"portraits":["https:\/\/turid.se\/wp-content\/uploads\/2025\/03\/746e1b8c-f4d4-4185-89c1-8346969132db.jpg",2000,1500,false],"thumbnail":["https:\/\/turid.se\/wp-content\/uploads\/2025\/03\/746e1b8c-f4d4-4185-89c1-8346969132db-150x150.jpg",150,150,true],"medium":["https:\/\/turid.se\/wp-content\/uploads\/2025\/03\/746e1b8c-f4d4-4185-89c1-8346969132db-300x225.jpg",300,225,true],"large":["https:\/\/turid.se\/wp-content\/uploads\/2025\/03\/746e1b8c-f4d4-4185-89c1-8346969132db-1024x768.jpg",1000,750,true],"1536x1536":["https:\/\/turid.se\/wp-content\/uploads\/2025\/03\/746e1b8c-f4d4-4185-89c1-8346969132db-1536x1152.jpg",1536,1152,true],"2048x2048":["https:\/\/turid.se\/wp-content\/uploads\/2025\/03\/746e1b8c-f4d4-4185-89c1-8346969132db.jpg",2000,1500,false],"trp-custom-language-flag":["https:\/\/turid.se\/wp-content\/uploads\/2025\/03\/746e1b8c-f4d4-4185-89c1-8346969132db-16x12.jpg",16,12,true],"post-thumbnail":["https:\/\/turid.se\/wp-content\/uploads\/2025\/03\/746e1b8c-f4d4-4185-89c1-8346969132db-1568x1176.jpg",1568,1176,true]},"rttpg_author":{"display_name":"Jakob Norstedt","author_link":"https:\/\/turid.se\/sv\/author\/jakob\/"},"rttpg_comment":0,"rttpg_category":" <a href=\"https:\/\/turid.se\/sv\/kat\/foretag\/gren\/\" rel=\"tag\">F\u00f6retagsgren<\/a>","rttpg_excerpt":"Scenkonst och annan ut\u00e5triktad verksamhet. Tutan och det mystiska paketet &#8211; en clownf\u00f6rest\u00e4llning f\u00f6r barn upp till c:a 9 \u00e5r. Boka Eva L\u00f6nn, alias Tutan, till ditt bibliotek eller din scen. Tel: 070-7463619Epost: eva@turid.se &#8221;Jag tycker att din clownf\u00f6rest\u00e4llning var b\u00e5de rolig och fin. Du hade ett bra samspel med publiken. Helt enkelt superbra!&#8221; &#8211;&hellip;&hellip;","_links":{"self":[{"href":"https:\/\/turid.se\/sv\/wp-json\/wp\/v2\/pages\/2604","targetHints":{"allow":["GET"]}}],"collection":[{"href":"https:\/\/turid.se\/sv\/wp-json\/wp\/v2\/pages"}],"about":[{"href":"https:\/\/turid.se\/sv\/wp-json\/wp\/v2\/types\/page"}],"author":[{"embeddable":true,"href":"https:\/\/turid.se\/sv\/wp-json\/wp\/v2\/users\/3"}],"replies":[{"embeddable":true,"href":"https:\/\/turid.se\/sv\/wp-json\/wp\/v2\/comments?post=2604"}],"version-history":[{"count":9,"href":"https:\/\/turid.se\/sv\/wp-json\/wp\/v2\/pages\/2604\/revisions"}],"predecessor-version":[{"id":2670,"href":"https:\/\/turid.se\/sv\/wp-json\/wp\/v2\/pages\/2604\/revisions\/2670"}],"wp:featuredmedia":[{"embeddable":true,"href":"https:\/\/turid.se\/sv\/wp-json\/wp\/v2\/media\/2589"}],"wp:attachment":[{"href":"https:\/\/turid.se\/sv\/wp-json\/wp\/v2\/media?parent=2604"}],"wp:term":[{"taxonomy":"category","embeddable":true,"href":"https:\/\/turid.se\/sv\/wp-json\/wp\/v2\/categories?post=2604"},{"taxonomy":"post_tag","embeddable":true,"href":"https:\/\/turid.se\/sv\/wp-json\/wp\/v2\/tags?post=2604"}],"curies":[{"name":"wp","href":"https:\/\/api.w.org\/{rel}","templated":true}]}}